{"id":6790,"date":"2019-03-31T20:43:35","date_gmt":"2019-03-31T18:43:35","guid":{"rendered":"https:\/\/www.erea86.fr\/version2\/?page_id=6790"},"modified":"2026-03-22T12:59:16","modified_gmt":"2026-03-22T11:59:16","slug":"tous-les-n","status":"publish","type":"page","link":"https:\/\/www.erea86.fr\/version2\/tous-les-n\/","title":{"rendered":"Tous les n\u00b0"},"content":{"rendered":"<h2>LIRE les Nouvelles EN LIGNE ou les <a href=\"#telecharger\">TELECHARGER<\/a><\/h2>\n<p style=\"text-align: center;\"><span style=\"font-size: 24px;\">Lire les n\u00b0 en ligne<\/span><\/p>\n<p style=\"text-align: center;\">(attention, ils sont parfois mal rang\u00e9s dans les \u00e9tag\u00e8res&#8230;. mais il sont tous l\u00e0 depuis le n\u00b036)<\/p>\n<p style=\"text-align: center;\"><iframe loading=\"lazy\" src=\"\/\/v.calameo.com\/library\/?type=account&amp;id=2463902&amp;rows=5&amp;sortBy=latestPublished&amp;theme=wood&amp;bgColor=&amp;thumbSize=large&amp;showTitle=true&amp;showShadow=true&amp;showGloss=true&amp;showInfo=account&amp;linkTo=view&amp;linkTarget=_blank\" width=\"100%\" height=\"1200\" frameborder=\"0\" allowfullscreen=\"allowfullscreen\"><\/iframe><\/p>\n<h1 style=\"text-align: center;\"><strong><a id=\"telecharger\"><\/a><br \/>\nT\u00e9l\u00e9chargez les<\/strong><strong> n\u00b0 :<\/strong><\/h1>\n<div style=\"text-align: center;\">\n<div style=\"text-align: center;\">\n<div><span style=\"font-size: 20px;\"><a href=\"https:\/\/www.erea86.fr\/old\/articles.php?lng=fr&amp;pg=162\">36<\/a>\/<a href=\"https:\/\/www.erea86.fr\/old\/articles.php?lng=fr&amp;pg=547\">37<\/a>\/<a href=\"https:\/\/www.erea86.fr\/old\/articles.php?lng=fr&amp;pg=651\">38<\/a><a href=\"https:\/\/www.erea86.fr\/old\/articles.php?lng=fr&amp;pg=874\">\/39<\/a>\/<a href=\"https:\/\/www.erea86.fr\/old\/articles.php?lng=fr&amp;pg=1077\">40<\/a>\/<a href=\"https:\/\/www.erea86.fr\/old\/articles.php?lng=fr&amp;pg=1216\">41<\/a><a href=\"https:\/\/www.erea86.fr\/old\/articles.php?lng=fr&amp;pg=1381\">\/42<\/a>\/<a href=\"https:\/\/www.erea86.fr\/old\/articles.php?lng=fr&amp;pg=1573\">43<\/a>\/<a href=\"https:\/\/www.erea86.fr\/old\/articles.php?lng=fr&amp;pg=1714\">44<\/a>\/<a href=\"https:\/\/www.erea86.fr\/old\/articles.php?lng=fr&amp;pg=1770\">45<\/a><\/span><\/div>\n<div><span style=\"font-size: 20px;\"><a href=\"https:\/\/www.erea86.fr\/old\/articles.php?lng=fr&amp;pg=1850\">46<\/a>\/<a href=\"https:\/\/www.erea86.fr\/old\/articles.php?lng=fr&amp;pg=2327\">47<\/a>\/<a href=\"https:\/\/www.erea86.fr\/old\/articles.php?lng=fr&amp;pg=2421\">48<\/a>\/<a href=\"https:\/\/www.erea86.fr\/old\/articles.php?lng=fr&amp;pg=2477\">49<\/a>\/<a href=\"https:\/\/www.erea86.fr\/old\/articles.php?lng=fr&amp;pg=2609\">50<\/a><strong>\/<\/strong><a href=\"https:\/\/www.erea86.fr\/old\/articles.php?lng=fr&amp;pg=2801\">51<\/a><strong>\/<\/strong><a href=\"https:\/\/www.erea86.fr\/old\/articles.php?lng=fr&amp;pg=2898\">52<\/a><strong>\/<\/strong><a href=\"https:\/\/www.erea86.fr\/old\/articles.php?lng=fr&amp;pg=2971\">53<\/a><strong>\/<\/strong><a href=\"https:\/\/www.erea86.fr\/old\/articles.php?lng=fr&amp;pg=3047\">54<\/a>\/<a href=\"https:\/\/www.erea86.fr\/old\/articles.php?lng=fr&amp;pg=3204\">55<\/a><\/span><br \/>\n<span style=\"font-size: 20px;\"><a href=\"https:\/\/www.erea86.fr\/old\/articles.php?lng=fr&amp;pg=3220\">56<\/a>\/<a href=\"https:\/\/www.erea86.fr\/old\/articles.php?lng=fr&amp;pg=3291\">57<\/a>\/<a href=\"https:\/\/www.erea86.fr\/old\/articles.php?lng=fr&amp;pg=3383\">58<\/a>\/<a href=\"https:\/\/www.erea86.fr\/old\/articles.php?lng=fr&amp;pg=3657\">59<\/a>\/<a href=\"https:\/\/www.erea86.fr\/old\/articles.php?lng=fr&amp;pg=3717\">60<\/a>\/<a href=\"https:\/\/www.erea86.fr\/old\/articles.php?lng=fr&amp;pg=3815\">61<\/a>\/<a href=\"https:\/\/www.erea86.fr\/old\/articles.php?lng=fr&amp;pg=3846\">62<\/a>\/<a href=\"https:\/\/www.erea86.fr\/old\/articles.php?lng=fr&amp;pg=3997\">63\/<\/a><a href=\"https:\/\/www.erea86.fr\/old\/articles.php?lng=fr&amp;pg=4047\">64<\/a>\/<a href=\"https:\/\/www.erea86.fr\/old\/articles.php?lng=fr&amp;pg=4095\">65<\/a><\/span><\/div>\n<div><span style=\"font-size: 20px;\"><a href=\"https:\/\/www.erea86.fr\/old\/articles.php?lng=fr&amp;pg=4187\">66<\/a>\/<a href=\"https:\/\/www.erea86.fr\/old\/articles.php?lng=fr&amp;pg=4303\">67<\/a>\/<a href=\"https:\/\/www.erea86.fr\/old\/articles.php?lng=fr&amp;pg=4390\">68<\/a>\/<a href=\"https:\/\/www.erea86.fr\/old\/articles.php?lng=fr&amp;pg=4447\">69<\/a>\/<a href=\"https:\/\/www.erea86.fr\/old\/articles.php?lng=fr&amp;pg=4510\">70<\/a><strong>\/<\/strong><a href=\"https:\/\/www.erea86.fr\/old\/articles.php?lng=fr&amp;pg=4616\">71<\/a>\/<a href=\"https:\/\/www.erea86.fr\/old\/articles.php?lng=fr&amp;pg=4693\">72<\/a>\/<a href=\"https:\/\/www.erea86.fr\/old\/articles.php?lng=fr&amp;pg=4754\">73<\/a><strong>\/<\/strong><a href=\"https:\/\/www.erea86.fr\/old\/articles.php?lng=fr&amp;pg=4896\">74<\/a>\/<a href=\"https:\/\/www.erea86.fr\/old\/articles.php?lng=fr&amp;pg=4996\">75<\/a><\/span><br \/>\n<span style=\"font-size: 20px;\"><a href=\"https:\/\/www.erea86.fr\/old\/articles.php?lng=fr&amp;pg=4997\">76<\/a>\/<a href=\"https:\/\/www.erea86.fr\/old\/articles.php?lng=fr&amp;pg=5057\">77<\/a>\/<a href=\"https:\/\/www.erea86.fr\/old\/articles.php?lng=fr&amp;pg=5120\">78<\/a>\/<a href=\"https:\/\/www.erea86.fr\/old\/articles.php?lng=fr&amp;pg=5163\">79<\/a>\/<a href=\"https:\/\/www.erea86.fr\/old\/articles.php?lng=fr&amp;pg=5210\">80<\/a>\/<a href=\"https:\/\/www.erea86.fr\/old\/articles.php?lng=fr&amp;pg=5284\">81<\/a><strong>\/<\/strong><a href=\"https:\/\/www.erea86.fr\/old\/articles.php?lng=fr&amp;pg=5327\">82<\/a><strong>\/<\/strong><a href=\"https:\/\/www.erea86.fr\/version2\/wp-content\/uploads\/nicolasfaure\/Journal\/PDF\/83.pdf\" target=\"_blank\" rel=\"noopener noreferrer\">83<\/a>\/<a href=\"https:\/\/www.erea86.fr\/version2\/wp-content\/uploads\/nicolasfaure\/Journal\/PDF\/84.pdf\" target=\"_blank\" rel=\"noopener noreferrer\">84<\/a>\/<a href=\"https:\/\/www.erea86.fr\/version2\/wp-content\/uploads\/nicolasfaure\/Journal\/PDF\/85.pdf\" target=\"_blank\" rel=\"noopener noreferrer\">85<\/a>\/<\/span><\/div>\n<div><span style=\"font-size: 20px;\"><a href=\"https:\/\/www.erea86.fr\/version2\/wp-content\/uploads\/nicolasfaure\/Journal\/PDF\/86.pdf\" target=\"_blank\" rel=\"noopener noreferrer\">86<\/a>\/<\/span><span style=\"font-size: 20px;\"><a href=\"https:\/\/www.erea86.fr\/version2\/wp-content\/uploads\/Journal\/87.pdf\" target=\"_blank\" rel=\"noopener\">87<\/a>\/<\/span><a href=\"https:\/\/www.erea86.fr\/version2\/wp-content\/uploads\/Journal\/88.pdf\" target=\"_blank\" rel=\"noopener\"><span style=\"font-size: 20px;\">88<\/span><\/a><span style=\"font-size: 20px;\"><strong>\/<\/strong><a href=\"https:\/\/www.erea86.fr\/version2\/wp-content\/uploads\/Journal\/89.pdf\" target=\"_blank\" rel=\"noopener\">89<\/a>\/<a href=\"https:\/\/www.erea86.fr\/version2\/wp-content\/uploads\/nicolasfaure\/Journal\/PDF\/n%C2%B090.pdf\" target=\"_blank\" rel=\"noopener\">90\/<\/a><a href=\"https:\/\/www.erea86.fr\/version2\/wp-content\/uploads\/nicolasfaure\/Journal\/PDF\/91.pdf\" target=\"_blank\" rel=\"noopener\">91<\/a>\/<a href=\"https:\/\/www.erea86.fr\/version2\/wp-content\/uploads\/nicolasfaure\/Journal\/PDF\/92.pdf\" target=\"_blank\" rel=\"noopener\">92<\/a>\/<a href=\"https:\/\/www.erea86.fr\/version2\/wp-content\/uploads\/2023\/03\/n%C2%B093.pdf\" target=\"_blank\" rel=\"noopener\">93<\/a>\/<a href=\"https:\/\/www.erea86.fr\/version2\/wp-content\/uploads\/2023\/07\/94.pdf\" target=\"_blank\" rel=\"noopener\">94<\/a>\/<a href=\"https:\/\/www.erea86.fr\/version2\/wp-content\/uploads\/2024\/01\/95v3.pdf\" target=\"_blank\" rel=\"noopener\">95<\/a><\/span><\/div>\n<div><a href=\"https:\/\/drive.google.com\/file\/d\/1pRFCdutNn8HeDVgHd6aw8PKkCAoN7iHI\/view?usp=drive_link\" target=\"_blank\" rel=\"noopener\"><span style=\"font-size: 20px;\">96 <\/span><\/a><span style=\"font-size: 20px;\">\/ <a href=\"https:\/\/www.erea86.fr\/version2\/wp-content\/uploads\/2026\/03\/97.pdf\" target=\"_blank\" rel=\"noopener\">97<\/a> \/ <a href=\"https:\/\/www.erea86.fr\/version2\/wp-content\/uploads\/2026\/03\/98.pdf\" target=\"_blank\" rel=\"noopener\">98<\/a> \/ <a href=\"https:\/\/www.erea86.fr\/version2\/wp-content\/uploads\/2026\/03\/N\u00b099.pdf\" target=\"_blank\" rel=\"noopener\">99 <\/a>\/ <strong><a href=\"https:\/\/www.erea86.fr\/version2\/wp-content\/uploads\/2026\/03\/N\u00b0100.pdf\" target=\"_blank\" rel=\"noopener\">100<\/a><\/strong><\/span><\/div>\n<\/div>\n<\/div>\n","protected":false},"excerpt":{"rendered":"<p>LIRE les Nouvelles EN LIGNE ou les TELECHARGER Lire les n\u00b0 en ligne (attention, ils sont parfois mal rang\u00e9s dans les \u00e9tag\u00e8res&#8230;. mais il sont&hellip;&nbsp;<a href=\"https:\/\/www.erea86.fr\/version2\/tous-les-n\/\" class=\"more-link\">Lire la suite<\/a><\/p>\n","protected":false},"author":15,"featured_media":0,"parent":0,"menu_order":0,"comment_status":"closed","ping_status":"closed","template":"","meta":{"_bbp_topic_count":0,"_bbp_reply_count":0,"_bbp_total_topic_count":0,"_bbp_total_reply_count":0,"_bbp_voice_count":0,"_bbp_anonymous_reply_count":0,"_bbp_topic_count_hidden":0,"_bbp_reply_count_hidden":0,"_bbp_forum_subforum_count":0,"footnotes":""},"class_list":["post-6790","page","type-page","status-publish","hentry"],"_links":{"self":[{"href":"https:\/\/www.erea86.fr\/version2\/wp-json\/wp\/v2\/pages\/6790","targetHints":{"allow":["GET"]}}],"collection":[{"href":"https:\/\/www.erea86.fr\/version2\/wp-json\/wp\/v2\/pages"}],"about":[{"href":"https:\/\/www.erea86.fr\/version2\/wp-json\/wp\/v2\/types\/page"}],"author":[{"embeddable":true,"href":"https:\/\/www.erea86.fr\/version2\/wp-json\/wp\/v2\/users\/15"}],"replies":[{"embeddable":true,"href":"https:\/\/www.erea86.fr\/version2\/wp-json\/wp\/v2\/comments?post=6790"}],"version-history":[{"count":12,"href":"https:\/\/www.erea86.fr\/version2\/wp-json\/wp\/v2\/pages\/6790\/revisions"}],"predecessor-version":[{"id":22539,"href":"https:\/\/www.erea86.fr\/version2\/wp-json\/wp\/v2\/pages\/6790\/revisions\/22539"}],"wp:attachment":[{"href":"https:\/\/www.erea86.fr\/version2\/wp-json\/wp\/v2\/media?parent=6790"}],"curies":[{"name":"wp","href":"https:\/\/api.w.org\/{rel}","templated":true}]}}