{"id":5885,"date":"2018-12-20T13:34:41","date_gmt":"2018-12-20T12:34:41","guid":{"rendered":"https:\/\/www.erea86.fr\/version2\/?page_id=5885"},"modified":"2019-03-07T14:10:25","modified_gmt":"2019-03-07T13:10:25","slug":"modeles-activites-educatives","status":"publish","type":"page","link":"https:\/\/www.erea86.fr\/version2\/modeles-activites-educatives\/","title":{"rendered":"Mod\u00e8les activit\u00e9s \u00e9ducatives"},"content":{"rendered":"\n<p><strong>Voici les mod\u00e8les pour activit\u00e9s \u00e9ducatives :<\/strong><\/p>\n\n\n\n<div class=\"wp-block-file\"><a href=\"https:\/\/www.erea86.fr\/version2\/wp-content\/uploads\/2018\/12\/MODELE_activites_educatives_6e-5e-1.xls\" target=\"_blank\" rel=\"noreferrer noopener\">Mod\u00e8le activit\u00e9 \u00e9ducative 6eme 5eme<\/a><\/div>\n\n\n\n<div class=\"wp-block-file\"><a href=\"https:\/\/www.erea86.fr\/version2\/wp-content\/uploads\/2018\/12\/MODELE_activites_educatives_4e-3e.ods\" target=\"_blank\" rel=\"noreferrer noopener\">Mod\u00e8le activit\u00e9 \u00e9ducative 4eme 3eme<\/a><\/div>\n\n\n\n<p><\/p>\n","protected":false},"excerpt":{"rendered":"<p>Voici les mod\u00e8les pour activit\u00e9s \u00e9ducatives :<\/p>\n","protected":false},"author":1,"featured_media":0,"parent":0,"menu_order":0,"comment_status":"closed","ping_status":"closed","template":"","meta":{"_bbp_topic_count":0,"_bbp_reply_count":0,"_bbp_total_topic_count":0,"_bbp_total_reply_count":0,"_bbp_voice_count":0,"_bbp_anonymous_reply_count":0,"_bbp_topic_count_hidden":0,"_bbp_reply_count_hidden":0,"_bbp_forum_subforum_count":0,"footnotes":""},"class_list":["post-5885","page","type-page","status-publish","hentry"],"_links":{"self":[{"href":"https:\/\/www.erea86.fr\/version2\/wp-json\/wp\/v2\/pages\/5885","targetHints":{"allow":["GET"]}}],"collection":[{"href":"https:\/\/www.erea86.fr\/version2\/wp-json\/wp\/v2\/pages"}],"about":[{"href":"https:\/\/www.erea86.fr\/version2\/wp-json\/wp\/v2\/types\/page"}],"author":[{"embeddable":true,"href":"https:\/\/www.erea86.fr\/version2\/wp-json\/wp\/v2\/users\/1"}],"replies":[{"embeddable":true,"href":"https:\/\/www.erea86.fr\/version2\/wp-json\/wp\/v2\/comments?post=5885"}],"version-history":[{"count":0,"href":"https:\/\/www.erea86.fr\/version2\/wp-json\/wp\/v2\/pages\/5885\/revisions"}],"wp:attachment":[{"href":"https:\/\/www.erea86.fr\/version2\/wp-json\/wp\/v2\/media?parent=5885"}],"curies":[{"name":"wp","href":"https:\/\/api.w.org\/{rel}","templated":true}]}}