{"id":5735,"date":"2018-12-19T16:46:12","date_gmt":"2018-12-19T15:46:12","guid":{"rendered":"https:\/\/www.erea86.fr\/version2\/?page_id=5735"},"modified":"2024-11-19T12:22:06","modified_gmt":"2024-11-19T11:22:06","slug":"capaaga","status":"publish","type":"page","link":"https:\/\/www.erea86.fr\/version2\/caracteristique-de-lerea\/les-formations\/capaaga\/","title":{"rendered":"C.A.P Agent Accompagnant au Grand Age"},"content":{"rendered":"\r\n<p><strong><a href=\"https:\/\/sbssa.ac-versailles.fr\/spip.php?article1613\" target=\"_blank\" rel=\"noopener\">Vid\u00e9o de pr\u00e9sentation en 2 minutes.<\/a><\/strong><\/p>\r\n<p><strong>Finalit\u00e9<\/strong><br \/>Le titulaire du CAP \u00ab Agent Accompagnant au Grand Age \u00bb de niveau 3 accompagne la personne \u00e2g\u00e9e dans les actes de la vie quotidienne (premier niveau de qualification).<\/p>\r\n<p><strong>Public cibl\u00e9<\/strong><br \/>Personnes \u00e2g\u00e9es en structures sociales et m\u00e9dico-sociales.<\/p>\r\n<p><strong>Lieux d\u2019activit\u00e9s<\/strong><br \/>Il exerce ses activit\u00e9s au sein des structures sociales ou m\u00e9dico-sociales accueillant des personnes \u00e2g\u00e9es.<\/p>\r\n<p><strong>Maintien de l\u2019autonomie de la personne<\/strong><br \/>Afin de favoriser et\/ou de maintenir l\u2019autonomie de la personne, l\u2019accompagnement envisag\u00e9 est adapt\u00e9 aux capacit\u00e9s, habitudes de vie mais \u00e9galement \u00e0 la culture de l\u2019usager.<br \/>Le professionnel accompagne la personne dans la r\u00e9alisation des actes essentiels de la vie quotidienne, sociale, en fonction de ses capacit\u00e9s et de ses choix.<br \/>Il participe \u00e0 la mise en \u0153uvre du projet personnalis\u00e9 dans le cadre d\u2019un travail d\u2019\u00e9quipe.<br \/>Le titulaire du CAP Agent Accompagnant au Grand Age exerce ses t\u00e2ches sous l\u2019autorit\u00e9 d\u2019un responsable hi\u00e9rarchique. Il applique les r\u00e8gles d\u2019hygi\u00e8ne et de s\u00e9curit\u00e9. Il adopte une attitude professionnelle adapt\u00e9e dans le respect de l\u2019intimit\u00e9 de la personne et de ses croyances.<\/p>\r\n<p><br \/><strong>P\u00f4le 1 : Services et entretien dans l\u2019environnement collectif de la personne<\/strong><\/p>\r\n<p>A1.1. Mise en place et service des repas<br \/>A1.2. Remise en \u00e9tat des mat\u00e9riels et des espaces collectifs<br \/>A1.3. Entretien du linge<\/p>\r\n<p><strong>P\u00f4le 2 : Promotion de l\u2019autonomie de la personne dans son espace priv\u00e9<\/strong><br \/>A2.1. Promotion de l\u2019autonomie dans les actes essentiels de la vie quotidienne<br \/>A2.2. Entretien et personnalisation de la sph\u00e8re priv\u00e9e<\/p>\r\n\r\n\r\n<hr class=\"wp-block-separator is-style-wide\" \/>\r\n\r\n\r\n<div class=\"wp-block-columns has-2-columns is-layout-flex wp-container-core-columns-is-layout-9d6595d7 wp-block-columns-is-layout-flex\">\r\n<div class=\"wp-block-column is-layout-flow wp-block-column-is-layout-flow\">\r\n<p><strong>Formation<\/strong><\/p>\r\n\r\n\r\n\r\n<p>Dur\u00e9e des \u00e9tudes 2 ans<\/p>\r\n\r\n\r\n<\/div>\r\n\r\n\r\n\r\n<div class=\"wp-block-column is-layout-flow wp-block-column-is-layout-flow\">\r\n<p><strong>Qualit\u00e9s requises<\/strong><\/p>\r\n\r\n\r\n\r\n<ul class=\"wp-block-list\">\r\n<li>faire preuve d&rsquo;organisation et d&rsquo;attention<\/li>\r\n<li>\u00eatre soigneux<\/li>\r\n<li>avoir le souci d&rsquo;une bonne pr\u00e9sentation<\/li>\r\n<li>respecter les r\u00e8gles d&rsquo;hygi\u00e8ne de s\u00e9curit\u00e9 et de discr\u00e9tion<\/li>\r\n<\/ul>\r\n<\/div>\r\n<\/div>\r\n\r\n\r\n\r\n<p>&nbsp;<\/p>\r\n\r\n\r\n<hr class=\"wp-block-separator is-style-wide\" \/>\r\n\r\n\r\n<div class=\"wp-block-columns has-3-columns is-layout-flex wp-container-core-columns-is-layout-9d6595d7 wp-block-columns-is-layout-flex\">\r\n<div class=\"wp-block-column is-layout-flow wp-block-column-is-layout-flow\">\r\n<p>P\u00e9riodes de formation<\/p>\r\n\r\n\r\n\r\n<p><strong>1 \u00e8re ann\u00e9e : 7 semaines<\/strong><\/p>\r\n\r\n\r\n\r\n<p><strong>2 \u00e8me ann\u00e9e : 7 semaines<\/strong><\/p>\r\n<\/div>\r\n\r\n\r\n\r\n<div class=\"wp-block-column is-layout-flow wp-block-column-is-layout-flow\"><\/div>\r\n<div class=\"wp-block-column\">\r\n<p>&nbsp;<\/p>\r\n<\/div>\r\n<\/div>\r\n\r\n\r\n<hr class=\"wp-block-separator is-style-wide\" \/>\r\n\r\n\r\n<table class=\"wp-block-table\" style=\"width: 63.5297%; height: 408px;\">\r\n<tbody>\r\n<tr style=\"height: 48px;\">\r\n<td style=\"height: 48px; width: 70.4477%;\"><strong>Discipline<\/strong><\/td>\r\n<td style=\"height: 48px; width: 14.088%;\"><br \/><strong><em>1\u00e8re ann\u00e9e<\/em><\/strong><\/td>\r\n<td style=\"height: 48px; width: 59.2375%;\"><br \/><strong><em>2\u00e8me ann\u00e9e<\/em><\/strong><\/td>\r\n<\/tr>\r\n<tr style=\"height: 24px;\">\r\n<td style=\"height: 24px; width: 70.4477%;\">Enseignement professionnel<\/td>\r\n<td style=\"height: 24px; width: 14.088%;\">11,5 h<\/td>\r\n<td style=\"height: 24px; width: 59.2375%;\">12 h<\/td>\r\n<\/tr>\r\n<tr style=\"height: 48px;\">\r\n<td style=\"height: 48px; width: 70.4477%;\">Enseignement professionnel + fran\u00e7ais co-intervention<\/td>\r\n<td style=\"height: 48px; width: 14.088%;\">1,5 h<\/td>\r\n<td style=\"height: 48px; width: 59.2375%;\">1,5 h<\/td>\r\n<\/tr>\r\n<tr style=\"height: 48px;\">\r\n<td style=\"height: 48px; width: 70.4477%;\">Enseignement professionnel + Maths co-intervention<\/td>\r\n<td style=\"height: 48px; width: 14.088%;\">1,5 h<\/td>\r\n<td style=\"height: 48px; width: 59.2375%;\">1,5 h<\/td>\r\n<\/tr>\r\n<tr style=\"height: 24px;\">\r\n<td style=\"height: 24px; width: 70.4477%;\">Chef d&rsquo;oeuvre<\/td>\r\n<td style=\"height: 24px; width: 14.088%;\">3 h<\/td>\r\n<td style=\"height: 24px; width: 59.2375%;\">3 h<\/td>\r\n<\/tr>\r\n<tr style=\"height: 24px;\">\r\n<td style=\"height: 24px; width: 70.4477%;\">Pr\u00e9vention Sant\u00e9 Environnement<\/td>\r\n<td style=\"height: 24px; width: 14.088%;\">1,5 h<\/td>\r\n<td style=\"height: 24px; width: 59.2375%;\">1 h<\/td>\r\n<\/tr>\r\n<tr style=\"height: 48px;\">\r\n<td style=\"height: 48px; width: 70.4477%;\">Fran\u00e7ais Histoire G\u00e9ographie <br \/>\u00c9ducation civique juridique et sociale<\/td>\r\n<td style=\"height: 48px; width: 14.088%;\">2 h<\/td>\r\n<td style=\"height: 48px; width: 59.2375%;\">2 h<\/td>\r\n<\/tr>\r\n<tr style=\"height: 24px;\">\r\n<td style=\"height: 24px; width: 70.4477%;\">Math\u00e9matiques Sciences\/Physiques<\/td>\r\n<td style=\"height: 24px; width: 14.088%;\">1,5 h<\/td>\r\n<td style=\"height: 24px; width: 59.2375%;\">1,5 h<\/td>\r\n<\/tr>\r\n<tr style=\"height: 24px;\">\r\n<td style=\"height: 24px; width: 70.4477%;\">\u00c9ducation Physique et Sportive<\/td>\r\n<td style=\"height: 24px; width: 14.088%;\">2,5 h<\/td>\r\n<td style=\"height: 24px; width: 59.2375%;\">2,5 h<\/td>\r\n<\/tr>\r\n<tr style=\"height: 24px;\">\r\n<td style=\"height: 24px; width: 70.4477%;\">Langue vivante<\/td>\r\n<td style=\"height: 24px; width: 14.088%;\">1,5 h<\/td>\r\n<td style=\"height: 24px; width: 59.2375%;\">1,5 h<\/td>\r\n<\/tr>\r\n<tr style=\"height: 24px;\">\r\n<td style=\"height: 24px; width: 70.4477%;\">Arts appliqu\u00e9s<\/td>\r\n<td style=\"height: 24px; width: 14.088%;\">1 h<\/td>\r\n<td style=\"height: 24px; width: 59.2375%;\">1 h<\/td>\r\n<\/tr>\r\n<tr style=\"height: 24px;\">\r\n<td style=\"height: 24px; width: 70.4477%;\">Consolidation accompagnement personnalis\u00e9<\/td>\r\n<td style=\"height: 24px; width: 14.088%;\">3,5 h<\/td>\r\n<td style=\"height: 24px; width: 59.2375%;\">3,5 h<\/td>\r\n<\/tr>\r\n<tr style=\"height: 24px;\">\r\n<td style=\"height: 24px; width: 70.4477%;\"><strong>TOTAL<\/strong><\/td>\r\n<td style=\"height: 24px; width: 14.088%;\"><strong>31 h<\/strong><\/td>\r\n<td style=\"height: 24px; width: 59.2375%;\"><strong>31 h<\/strong><\/td>\r\n<\/tr>\r\n<\/tbody>\r\n<\/table>\r\n<p>\r\n\r\n<\/p>\r\n<p class=\"wp-block-gallery-1 is-layout-flex wp-block-gallery-is-layout-flex\" style=\"text-align: center;\"><style type=\"text\/css\">.easingslider-21884 { max-width: 640px; }.easingslider-21884 .easingslider-image { max-height: 400px; max-width: 640px; }.easingslider-21884 .easingslider-fade-in, .easingslider-fade-out { -webkit-animation-duration: 400ms; -moz-animation-duration: 400ms; animation-duration: 400ms; }<\/style><script type=\"text\/javascript\">window.EasingSlider21884 = {\"width\":640,\"height\":400,\"singleItem\":true,\"items\":1,\"itemsDesktop\":false,\"itemsDesktopSmall\":false,\"itemsTablet\":false,\"itemsTabletSmall\":false,\"itemsMobile\":false,\"responsive\":true,\"lazyLoad\":true,\"autoPlay\":4000,\"slideSpeed\":400,\"navigation\":true,\"navigationText\":[\"\",\"\"],\"pagination\":true,\"autoHeight\":false,\"mouseDrag\":false,\"touchDrag\":false,\"addClassActive\":true,\"transitionStyle\":\"fade\"};<\/script><div data-id=\"21884\" class=\"easingslider easingslider-21884 easingslider-container easingslider-resizing-enabled easingslider-aspect-ratio easingslider-arrows-inside easingslider-pagination-inside easingslider-pagination-bottom-center\"><div class=\"easingslider-slide\"><img decoding=\"async\" src=\"https:\/\/www.erea86.fr\/version2\/wp-content\/plugins\/easing-slider\/assets\/images\/placeholder-pixel.png\" data-src=\"https:\/\/www.erea86.fr\/version2\/wp-content\/uploads\/2023\/11\/WhatsApp-Image-2023-11-29-at-12.03.03-1-640x400.jpeg\" alt=\"\" title=\"\" class=\"easingslider-image easingslider-lazy\" \/><\/div><div class=\"easingslider-slide\"><img decoding=\"async\" src=\"https:\/\/www.erea86.fr\/version2\/wp-content\/plugins\/easing-slider\/assets\/images\/placeholder-pixel.png\" data-src=\"https:\/\/www.erea86.fr\/version2\/wp-content\/uploads\/2023\/11\/WhatsApp-Image-2023-11-29-at-12.03.04-1-640x400.jpeg\" alt=\"\" title=\"\" class=\"easingslider-image easingslider-lazy\" \/><\/div><div class=\"easingslider-slide\"><img decoding=\"async\" src=\"https:\/\/www.erea86.fr\/version2\/wp-content\/plugins\/easing-slider\/assets\/images\/placeholder-pixel.png\" data-src=\"https:\/\/www.erea86.fr\/version2\/wp-content\/uploads\/2023\/11\/WhatsApp-Image-2023-11-29-at-12.03.05-1-640x400.jpeg\" alt=\"\" title=\"\" class=\"easingslider-image easingslider-lazy\" \/><\/div><div class=\"easingslider-slide\"><img decoding=\"async\" src=\"https:\/\/www.erea86.fr\/version2\/wp-content\/plugins\/easing-slider\/assets\/images\/placeholder-pixel.png\" data-src=\"https:\/\/www.erea86.fr\/version2\/wp-content\/uploads\/2023\/11\/WhatsApp-Image-2023-11-29-at-12.03.06-1-640x400.jpeg\" alt=\"\" title=\"\" class=\"easingslider-image easingslider-lazy\" \/><\/div><div class=\"easingslider-slide\"><img decoding=\"async\" src=\"https:\/\/www.erea86.fr\/version2\/wp-content\/plugins\/easing-slider\/assets\/images\/placeholder-pixel.png\" data-src=\"https:\/\/www.erea86.fr\/version2\/wp-content\/uploads\/2023\/11\/WhatsApp-Image-2023-11-29-at-12.03.03-640x400.jpeg\" alt=\"\" title=\"\" class=\"easingslider-image easingslider-lazy\" \/><\/div><div class=\"easingslider-slide\"><img decoding=\"async\" src=\"https:\/\/www.erea86.fr\/version2\/wp-content\/plugins\/easing-slider\/assets\/images\/placeholder-pixel.png\" data-src=\"https:\/\/www.erea86.fr\/version2\/wp-content\/uploads\/2023\/11\/WhatsApp-Image-2023-11-29-at-12.03.04-640x400.jpeg\" alt=\"\" title=\"\" class=\"easingslider-image easingslider-lazy\" \/><\/div><div class=\"easingslider-slide\"><img decoding=\"async\" src=\"https:\/\/www.erea86.fr\/version2\/wp-content\/plugins\/easing-slider\/assets\/images\/placeholder-pixel.png\" data-src=\"https:\/\/www.erea86.fr\/version2\/wp-content\/uploads\/2023\/11\/WhatsApp-Image-2023-11-29-at-12.03.05-640x400.jpeg\" alt=\"\" title=\"\" class=\"easingslider-image easingslider-lazy\" \/><\/div><div class=\"easingslider-slide\"><img decoding=\"async\" src=\"https:\/\/www.erea86.fr\/version2\/wp-content\/plugins\/easing-slider\/assets\/images\/placeholder-pixel.png\" data-src=\"https:\/\/www.erea86.fr\/version2\/wp-content\/uploads\/2023\/11\/WhatsApp-Image-2023-11-29-at-12.03.06-640x400.jpeg\" alt=\"\" title=\"\" class=\"easingslider-image easingslider-lazy\" \/><\/div><div class=\"easingslider-slide\"><img decoding=\"async\" src=\"https:\/\/www.erea86.fr\/version2\/wp-content\/plugins\/easing-slider\/assets\/images\/placeholder-pixel.png\" data-src=\"https:\/\/www.erea86.fr\/version2\/wp-content\/uploads\/2023\/11\/WhatsApp-Image-2023-11-29-at-12.03.07-640x400.jpeg\" alt=\"\" title=\"\" class=\"easingslider-image easingslider-lazy\" \/><\/div><div class=\"easingslider-slide\"><img decoding=\"async\" src=\"https:\/\/www.erea86.fr\/version2\/wp-content\/plugins\/easing-slider\/assets\/images\/placeholder-pixel.png\" data-src=\"https:\/\/www.erea86.fr\/version2\/wp-content\/uploads\/2023\/11\/WhatsApp-Image-2023-11-29-at-12.03.02-640x400.jpeg\" alt=\"\" title=\"\" class=\"easingslider-image easingslider-lazy\" \/><\/div><div class=\"easingslider-slide\"><img decoding=\"async\" src=\"https:\/\/www.erea86.fr\/version2\/wp-content\/plugins\/easing-slider\/assets\/images\/placeholder-pixel.png\" data-src=\"https:\/\/www.erea86.fr\/version2\/wp-content\/uploads\/2023\/11\/60B6016F-F984-4DA4-8FB6-AD4B8B457B76-640x400.jpg\" alt=\"\" title=\"\" class=\"easingslider-image easingslider-lazy\" \/><\/div><div class=\"easingslider-slide\"><img decoding=\"async\" src=\"https:\/\/www.erea86.fr\/version2\/wp-content\/plugins\/easing-slider\/assets\/images\/placeholder-pixel.png\" data-src=\"https:\/\/www.erea86.fr\/version2\/wp-content\/uploads\/2023\/11\/3315AD28-853E-4419-9CE7-4151E1604882-640x400.jpg\" alt=\"\" title=\"\" class=\"easingslider-image easingslider-lazy\" \/><\/div><div class=\"easingslider-slide\"><img decoding=\"async\" src=\"https:\/\/www.erea86.fr\/version2\/wp-content\/plugins\/easing-slider\/assets\/images\/placeholder-pixel.png\" data-src=\"https:\/\/www.erea86.fr\/version2\/wp-content\/uploads\/2023\/11\/CAEC8AA1-BC35-4F79-A9FF-711732454227-640x400.jpg\" alt=\"\" title=\"\" class=\"easingslider-image easingslider-lazy\" \/><\/div><div class=\"easingslider-slide\"><img decoding=\"async\" src=\"https:\/\/www.erea86.fr\/version2\/wp-content\/plugins\/easing-slider\/assets\/images\/placeholder-pixel.png\" data-src=\"https:\/\/www.erea86.fr\/version2\/wp-content\/uploads\/2023\/11\/430A6965-C790-4878-9A5A-3A718514B86D-640x400.jpg\" alt=\"\" title=\"\" class=\"easingslider-image easingslider-lazy\" \/><\/div><div class=\"easingslider-slide\"><img decoding=\"async\" src=\"https:\/\/www.erea86.fr\/version2\/wp-content\/plugins\/easing-slider\/assets\/images\/placeholder-pixel.png\" data-src=\"https:\/\/www.erea86.fr\/version2\/wp-content\/uploads\/2023\/11\/6CE5EDC2-CDAF-4795-9F51-2BD35189F5E8-640x400.jpg\" alt=\"\" title=\"\" class=\"easingslider-image easingslider-lazy\" \/><\/div><div class=\"easingslider-slide\"><img decoding=\"async\" src=\"https:\/\/www.erea86.fr\/version2\/wp-content\/plugins\/easing-slider\/assets\/images\/placeholder-pixel.png\" data-src=\"https:\/\/www.erea86.fr\/version2\/wp-content\/uploads\/2024\/11\/IMG_7925-1-640x400.jpg\" alt=\"\" title=\"\" class=\"easingslider-image easingslider-lazy\" \/><\/div><div class=\"easingslider-slide\"><img decoding=\"async\" src=\"https:\/\/www.erea86.fr\/version2\/wp-content\/plugins\/easing-slider\/assets\/images\/placeholder-pixel.png\" data-src=\"https:\/\/www.erea86.fr\/version2\/wp-content\/uploads\/2024\/11\/IMG_7926-1-640x400.jpg\" alt=\"\" title=\"\" class=\"easingslider-image easingslider-lazy\" \/><\/div><div class=\"easingslider-slide\"><img decoding=\"async\" src=\"https:\/\/www.erea86.fr\/version2\/wp-content\/plugins\/easing-slider\/assets\/images\/placeholder-pixel.png\" data-src=\"https:\/\/www.erea86.fr\/version2\/wp-content\/uploads\/2024\/11\/IMG_7929-1-640x400.jpg\" alt=\"\" title=\"\" class=\"easingslider-image easingslider-lazy\" \/><\/div><div class=\"easingslider-slide\"><img decoding=\"async\" src=\"https:\/\/www.erea86.fr\/version2\/wp-content\/plugins\/easing-slider\/assets\/images\/placeholder-pixel.png\" data-src=\"https:\/\/www.erea86.fr\/version2\/wp-content\/uploads\/2024\/11\/IMG_7930-1-640x400.jpg\" alt=\"\" title=\"\" class=\"easingslider-image easingslider-lazy\" \/><\/div><div class=\"easingslider-slide\"><img decoding=\"async\" src=\"https:\/\/www.erea86.fr\/version2\/wp-content\/plugins\/easing-slider\/assets\/images\/placeholder-pixel.png\" data-src=\"https:\/\/www.erea86.fr\/version2\/wp-content\/uploads\/2024\/11\/IMG_7931-1-640x400.jpg\" alt=\"\" title=\"\" class=\"easingslider-image easingslider-lazy\" \/><\/div><div class=\"easingslider-slide\"><img decoding=\"async\" src=\"https:\/\/www.erea86.fr\/version2\/wp-content\/plugins\/easing-slider\/assets\/images\/placeholder-pixel.png\" data-src=\"https:\/\/www.erea86.fr\/version2\/wp-content\/uploads\/2025\/01\/aph2-640x400.jpg\" alt=\"\" title=\"\" class=\"easingslider-image easingslider-lazy\" \/><\/div><\/div><\/p>\r\n<p style=\"text-align: center;\">\u00a0<\/p>\r\n\r\n\r\n","protected":false},"excerpt":{"rendered":"<p>Vid\u00e9o de pr\u00e9sentation en 2 minutes. Finalit\u00e9Le titulaire du CAP \u00ab Agent Accompagnant au Grand Age \u00bb de niveau 3 accompagne la personne \u00e2g\u00e9e dans&hellip;&nbsp;<a href=\"https:\/\/www.erea86.fr\/version2\/caracteristique-de-lerea\/les-formations\/capaaga\/\" class=\"more-link\">Lire la suite<\/a><\/p>\n","protected":false},"author":1,"featured_media":0,"parent":3115,"menu_order":0,"comment_status":"closed","ping_status":"closed","template":"","meta":{"_bbp_topic_count":0,"_bbp_reply_count":0,"_bbp_total_topic_count":0,"_bbp_total_reply_count":0,"_bbp_voice_count":0,"_bbp_anonymous_reply_count":0,"_bbp_topic_count_hidden":0,"_bbp_reply_count_hidden":0,"_bbp_forum_subforum_count":0,"footnotes":""},"class_list":["post-5735","page","type-page","status-publish","hentry"],"_links":{"self":[{"href":"https:\/\/www.erea86.fr\/version2\/wp-json\/wp\/v2\/pages\/5735","targetHints":{"allow":["GET"]}}],"collection":[{"href":"https:\/\/www.erea86.fr\/version2\/wp-json\/wp\/v2\/pages"}],"about":[{"href":"https:\/\/www.erea86.fr\/version2\/wp-json\/wp\/v2\/types\/page"}],"author":[{"embeddable":true,"href":"https:\/\/www.erea86.fr\/version2\/wp-json\/wp\/v2\/users\/1"}],"replies":[{"embeddable":true,"href":"https:\/\/www.erea86.fr\/version2\/wp-json\/wp\/v2\/comments?post=5735"}],"version-history":[{"count":13,"href":"https:\/\/www.erea86.fr\/version2\/wp-json\/wp\/v2\/pages\/5735\/revisions"}],"predecessor-version":[{"id":21885,"href":"https:\/\/www.erea86.fr\/version2\/wp-json\/wp\/v2\/pages\/5735\/revisions\/21885"}],"up":[{"embeddable":true,"href":"https:\/\/www.erea86.fr\/version2\/wp-json\/wp\/v2\/pages\/3115"}],"wp:attachment":[{"href":"https:\/\/www.erea86.fr\/version2\/wp-json\/wp\/v2\/media?parent=5735"}],"curies":[{"name":"wp","href":"https:\/\/api.w.org\/{rel}","templated":true}]}}