{"id":5668,"date":"2018-12-19T15:09:40","date_gmt":"2018-12-19T14:09:40","guid":{"rendered":"https:\/\/www.erea86.fr\/version2\/?page_id=5668"},"modified":"2019-04-03T10:36:40","modified_gmt":"2019-04-03T08:36:40","slug":"politique-de-confidentialite","status":"publish","type":"page","link":"https:\/\/www.erea86.fr\/version2\/politique-de-confidentialite\/","title":{"rendered":"Politique de confidentialit\u00e9"},"content":{"rendered":"\r\n<h2 class=\"wp-block-heading\">Derni\u00e8re r\u00e9vision le 03\/04\/2019.<\/h2>\r\n<h2>Cadre juridique &#8211; conformit\u00e9 au RGPD et \u00e0 la loi fran\u00e7aise<\/h2>\r\n<p>Le responsable du traitement d\u00e9clare qu&rsquo;il effectue des traitements de donn\u00e9es personnelles conform\u00e9ment au r\u00e8glement (UE) 2016\/679 du Parlement europ\u00e9en et du Conseil du 27 avril 2016, relatif \u00e0 la protection des personnes physiques \u00e0 l&rsquo;\u00e9gard du traitement des donn\u00e9es \u00e0 caract\u00e8re personnel et \u00e0 la libre circulation de ces donn\u00e9es(ci-apr\u00e8s d\u00e9sign\u00e9 le RGPD) et \u00e0 loi fran\u00e7aise n\u00b0 78-17 du 6 janvier 1978 relative \u00e0 l\u2019informatique, aux fichiers et aux libert\u00e9s (modifi\u00e9e).<\/p>\r\n<p>Cette politique de confidentialit\u00e9 a \u00e9t\u00e9 faite pour servir au mieux vos int\u00e9r\u00eats quant \u00e0 la protection de vos donn\u00e9es. Merci de lire attentivement cette page pour avoir connaissance de notre mani\u00e8re de collecter, utiliser et prot\u00e9ger vos donn\u00e9es sur notre site.<\/p>\r\n<h2>Qui sommes-nous\u00a0?<\/h2>\r\n\r\n\r\n\r\n<p>L\u2019adresse de notre site Web est\u00a0: <a href=\"https:\/\/www.erea86.fr\/version2\">https:\/\/www.erea86.fr\/version2<\/a>.<\/p>\r\n\r\n\r\n\r\n<p>Le site Web a \u00e9t\u00e9 fait par deux \u00e9tudiants en licence professionnelle Technologies Logicielles pour le Web et les Terminaux Mobiles du SP2MI \u00e0 Chasseneuil pendant l&rsquo;ann\u00e9e 2018-2019.<\/p>\r\n\r\n\r\n\r\n<p>Nous remercions Valentin et Arthur pour le temps pass\u00e9 \u00e0 cr\u00e9er ce site.<\/p>\r\n<p>Notre adresse postale est :<\/p>\r\n<p>EREA Anne FRANK,<br \/>14 route de Chauvigny<br \/>86550 MIGNALOUX-BEAUVOIR<\/p>\r\n<p>France.<\/p>\r\n\r\n\r\n\r\n<h2 class=\"wp-block-heading\">Utilisation des donn\u00e9es personnelles collect\u00e9es<\/h2>\r\n<p>Lorsque vous vous enregistrez\u00a0 sur notre site, il vous ait demand\u00e9 \u00e0 certaine(s) \u00e9tape(s) de saisir votre nom, votre courriel ou d&rsquo;autres informations vous permettant d&rsquo;avoir la plus agr\u00e9able visite. Ces informations collect\u00e9es servent \u00e0 la souscription \u00e0 une newsletter, le remplissage d&rsquo;un formulaire ou \u00e0 une quelconque autre saisie de donn\u00e9es. Ces donn\u00e9es sont utilis\u00e9es pour diff\u00e9rentes actions sur le site:<\/p>\r\n<p style=\"padding-left: 40px;\">\u25cfpour personnaliser la navigation sur le site et permettre un acc\u00e8s au contenu susceptible de vous int\u00e9resser<\/p>\r\n<p style=\"padding-left: 40px;\">\u25cfpour am\u00e9liorer notre site et offrir une optimisation ult\u00e9rieure<\/p>\r\n<p style=\"padding-left: 40px;\">\u25cfpour r\u00e9pondre \u00e0 des retours et demandes des utilisateurs<\/p>\r\n<p style=\"padding-left: 40px;\">\u25cfpour assurer une transaction fiable et rapide<\/p>\r\n<p style=\"padding-left: 40px;\">\u25cfpour envoyer des e-mails r\u00e9guliers concernant les produits et services<\/p>\r\n\r\n\r\n\r\n<h3 class=\"wp-block-heading\">Commentaires<\/h3>\r\n\r\n\r\n\r\n<p>Quand vous laissez un commentaire sur notre site web, les donn\u00e9es inscrites dans le formulaire de commentaire, mais aussi votre adresse IP et l\u2019agent utilisateur de votre navigateur sont collect\u00e9s pour nous aider \u00e0 la d\u00e9tection des commentaires ind\u00e9sirables.<\/p>\r\n\r\n\r\n\r\n<p>Une cha\u00eene anonymis\u00e9e cr\u00e9\u00e9e \u00e0 partir de votre adresse de messagerie (\u00e9galement appel\u00e9e hash) peut \u00eatre envoy\u00e9e au service Gravatar pour v\u00e9rifier si vous utilisez ce dernier. Les clauses de confidentialit\u00e9 du service Gravatar sont disponibles ici :<a href=\"https:\/\/automattic.com\/privacy\/\"> https:\/\/automattic.com\/privacy\/<\/a>. Apr\u00e8s validation de votre commentaire, votre nom sera visible publiquement \u00e0 cot\u00e9 de votre commentaire.<\/p>\r\n\r\n\r\n\r\n<h3 class=\"wp-block-heading\">M\u00e9dias<\/h3>\r\n\r\n\r\n\r\n<p>Si vous \u00eates un utilisateur ou une utilisatrice enregistr\u00e9\u00b7e et que vous t\u00e9l\u00e9versez des images sur le site web, nous vous conseillons d\u2019\u00e9viter de t\u00e9l\u00e9verser des images contenant des donn\u00e9es EXIF de coordonn\u00e9es GPS. Les visiteurs de votre site web peuvent t\u00e9l\u00e9charger et extraire des donn\u00e9es de localisation depuis ces images.<\/p>\r\n\r\n\r\n\r\n<h3 class=\"wp-block-heading\">Formulaires de contact<\/h3>\r\n<p>Notre formulaire de contact recueille des donn\u00e9es qui ont pour but de traiter au mieux votre demande. Il est donc collect\u00e9 lors de votre envoie: votre NOM, votre Pr\u00e9nom, votre courriel, votre adresse IP, le contenu du message que vous nous adressez ainsi que les informations personnelles que vous y indiquez. Nous ne nous servons de ces donn\u00e9es uniquement dans le cadre d\u2019une communication avec vous et les utilisateurs du site.<\/p>\r\n\r\n\r\n\r\n\r\n\r\n<h3 class=\"wp-block-heading\">Contenu embarqu\u00e9 depuis d\u2019autres sites<\/h3>\r\n\r\n\r\n\r\n<p>Les articles de ce site peuvent inclure des contenus int\u00e9gr\u00e9s (par exemple des vid\u00e9os, images, articles\u2026). Le contenu int\u00e9gr\u00e9 depuis d\u2019autres sites se comporte de la m\u00eame mani\u00e8re que si le visiteur se rendait sur cet autre site.<\/p>\r\n\r\n\r\n\r\n<p>Ces sites web pourraient collecter des donn\u00e9es sur vous, utiliser des cookies, embarquer des outils de suivis tiers, suivre vos interactions avec ces contenus embarqu\u00e9s si vous disposez d\u2019un compte connect\u00e9 sur leur site web.<\/p>\r\n<h3 class=\"western\">Statistiques et mesures d\u2019audience<\/h3>\r\n<p>Les informations tels que les identifiants et l&rsquo;adresse IP seront r\u00e9cup\u00e9r\u00e9s afin de tenir \u00e0 jour des statistiques sur les pages, les articles, les connexions et les inscriptions qu&rsquo;il y aura eu sur le site.<\/p>\r\n<p>Les statistiques ne seront visibles que par l&rsquo;administrateur et sous forme d&rsquo;un graphique de visites et des pages consult\u00e9es.<\/p>\r\n\r\n\r\n\r\n\r\n\r\n<h2 class=\"wp-block-heading\">Utilisation et transmission de vos donn\u00e9es personnelles<\/h2>\r\n<h2>Comment prot\u00e9geons-nous vos donn\u00e9es?<\/h2>\r\n<p>Le site b\u00e9n\u00e9ficie d&rsquo;un scan r\u00e9gulier et de mises \u00e0 jour pour permettre d&rsquo;\u00e9viter tout souci li\u00e9 \u00e0 des failles de s\u00e9curit\u00e9 et vous assurer une navigation la plus s\u00fbre possible. Vos donn\u00e9es sont accessibles par un nombre limit\u00e9 de personnes qui ont des droits d&rsquo;acc\u00e8s sp\u00e9cifiques et sous couvert de confidentialit\u00e9. Toutes les informations sensibles sont crypt\u00e9es par la technologie SSL (Secure Socket Layer).<\/p>\r\n\r\n\r\n\r\n<h2 class=\"wp-block-heading\">Dur\u00e9es de stockage de vos donn\u00e9es<\/h2>\r\n\r\n\r\n\r\n<p>Si vous laissez un commentaire, le commentaire et ses m\u00e9tadonn\u00e9es sont conserv\u00e9s ind\u00e9finiment. Cela permet de reconna\u00eetre et approuver automatiquement les commentaires suivants au lieu de les laisser dans la file de mod\u00e9ration.<\/p>\r\n\r\n\r\n\r\n<p>Pour les utilisateurs et utilisatrices qui s\u2019enregistrent sur notre site (si cela est possible), nous stockons \u00e9galement les donn\u00e9es personnelles indiqu\u00e9es dans leur profil. Tous les utilisateurs et utilisatrices peuvent voir, modifier ou supprimer leurs informations personnelles \u00e0 tout moment (\u00e0 l\u2019exception de leur nom d\u2019utilisateur\u00b7ice). Les gestionnaires du site peuvent aussi voir et modifier ces informations.<\/p>\r\n\r\n\r\n\r\n<h2 class=\"wp-block-heading\">Les droits que vous avez sur vos donn\u00e9es<\/h2>\r\n\r\n\r\n\r\n<p>Si vous avez un compte ou si vous avez laiss\u00e9 des commentaires sur le site, vous pouvez demander \u00e0 recevoir un fichier contenant toutes les donn\u00e9es personnelles que nous poss\u00e9dons \u00e0 votre sujet, incluant celles que vous nous avez fournies. Vous pouvez \u00e9galement demander la suppression des donn\u00e9es personnelles vous concernant. Cela ne prend pas en compte les donn\u00e9es stock\u00e9es \u00e0 des fins administratives, l\u00e9gales ou pour des raisons de s\u00e9curit\u00e9.<\/p>\r\n\r\n\r\n\r\n<h2 class=\"wp-block-heading\">Transmission de vos donn\u00e9es personnelles<\/h2>\r\n\r\n\r\n\r\n<p>Les commentaires des visiteurs peuvent \u00eatre v\u00e9rifi\u00e9s \u00e0 l\u2019aide d\u2019un service automatis\u00e9 de d\u00e9tection des commentaires ind\u00e9sirables. Sans celui-ci, vos commentaires seront v\u00e9rifier par l&rsquo;administrateur du site afin de veuillez \u00e0 ce que les commentaires ne soient pas des spams ou des commentaires vulgaires.<\/p>\r\n<h2>D\u00e9voilement d&rsquo;informations \u00e0 des tiers.<\/h2>\r\n<p>Nous ne vendons, n&rsquo;\u00e9changeons, ni ne transf\u00e9rons de donn\u00e9es vous concernant \u00e0 des tiers personnes ou entreprises. Il peut nous arriver, selon nos besoins et attentes, d&rsquo;inclure des produits ou services tiers qui poss\u00e8dent leurs propres politiques de confidentialit\u00e9. Nous d\u00e9clinons toute responsabilit\u00e9 li\u00e9e au contenu et \u00e0 l&rsquo;activit\u00e9 de ces tiers services et sites. N\u00e9anmoins, nous cherchons toujours \u00e0 avoir la meilleure protection de notre site et nous acceptons volontiers des retours \u00e0 propos de ces tiers entit\u00e9s.<\/p>\r\n<h2>Informations suppl\u00e9mentaires<\/h2>\r\n\r\n\r\n\r\n\r\n\r\n<h3 class=\"wp-block-heading\">Cookies<\/h3>\r\n<p>Nous utilisons des cookies, petits fichiers, transf\u00e9r\u00e9s \u00e0 votre ordinateur par le biais de votre navigateur pour permettre d&rsquo;utiliser au mieux les fonctionnalit\u00e9s du site et garder des informations vous assurant une navigation plus fluide lors de vos visites, de vos commandes, etc. Ils nous aident aussi \u00e0 comprendre vos pr\u00e9f\u00e9rences, \u00e0 am\u00e9liorer les performances du site et son optimisation, pour fournir de meilleurs outils dans le futur. D&rsquo;autres modules du site utilisent \u00e9galement des cookies dans l&rsquo;int\u00e9r\u00eat du site et de votre utilisation de ce dernier. Vous pouvez choisir de d\u00e9sactiver les cookies de votre navigateur mais la navigation ne sera pas optimale et des fonctionnalit\u00e9s du site risquent d&rsquo;\u00eatre d\u00e9sactiv\u00e9es. Visitez le menu AIDE de votre navigateur pour cela.<\/p>\r\n<p>\r\n\r\n<\/p>\r\n<p>Si vous d\u00e9posez un commentaire sur notre site, il vous sera propos\u00e9 d\u2019enregistrer votre nom, adresse de messagerie et site web dans des cookies. C\u2019est uniquement pour votre confort afin de ne pas avoir \u00e0 saisir ces informations si vous d\u00e9posez un autre commentaire plus tard. Ces cookies expirent au bout d\u2019un an.<\/p>\r\n<p>\r\n\r\n<\/p>\r\n<p>Si vous avez un compte et que vous vous connectez sur ce site, un cookie temporaire sera cr\u00e9\u00e9 afin de d\u00e9terminer si votre navigateur accepte les cookies. Il ne contient pas de donn\u00e9es personnelles et sera supprim\u00e9 automatiquement \u00e0 la fermeture de votre navigateur.<\/p>\r\n<p>\r\n\r\n<\/p>\r\n<p>Lorsque vous vous connecterez, nous mettrons en place un certain nombre de cookies pour enregistrer vos informations de connexion et vos pr\u00e9f\u00e9rences d\u2019\u00e9cran. La dur\u00e9e de vie d\u2019un cookie de connexion est de deux jours, celle d\u2019un cookie d\u2019option d\u2019\u00e9cran est d\u2019un an. Si vous cochez \u00ab\u00a0Se souvenir de moi\u00a0\u00bb, votre cookie de connexion sera conserv\u00e9 pendant deux semaines. Si vous vous d\u00e9connectez de votre compte, le cookie de connexion sera effac\u00e9.<\/p>\r\n<p>\r\n\r\n<\/p>\r\n<p>En modifiant ou en publiant une publication, un cookie suppl\u00e9mentaire sera enregistr\u00e9 dans votre navigateur. Ce cookie ne comprend aucune donn\u00e9e personnelle. Il indique simplement l\u2019ID de la publication que vous venez de modifier. Il expire au bout d\u2019un jour.<\/p>\r\n<h3>Google<\/h3>\r\n<p>Les \u00e9l\u00e9ments n\u00e9cessaires \u00e0 Google sont list\u00e9s dans les Principes de Publicit\u00e9 par Google qui propose une exp\u00e9rience optimale pour les utilisateurs.\u200b <a href=\"https:\/\/support.google.com\/adwordspolicy\/answer\/1316548?hl=fr\">https:\/\/support.google.com\/adwordspolicy\/answer\/1316548?hl=fr<\/a>\u200b. Les outils de Google Adsense, Google Adwords et Google Analytics ne sont pas encore utilis\u00e9s sur ce site mais le seront peut-\u00eatre plus tard.<\/p>\r\n<h2>Nous contacter<\/h2>\r\n<p>Si vous avez la moindre question concernant la politique de confidentialit\u00e9, vous pouvez nous contacter gr\u00e2ce aux informations ci-dessous.<\/p>\r\n<h3>Responsable de la Protection des Donn\u00e9es<\/h3>\r\n<p>FAURE Nicolas<\/p>\r\n<p><a href=\"mailto:nicolas.faure1@ac-poitiers.fr\">nicolas.faure1@ac-poitiers.fr<\/a><\/p>\r\n<p>EREA Anne FRANK,<br \/>14 route de Chauvigny<br \/>86550 MIGNALOUX-BEAUVOIR<\/p>\r\n<p>A ces adresses, vous pouvez demander :<\/p>\r\n<p style=\"padding-left: 40px;\">\u25cfun droit d&rsquo;acc\u00e8s,<\/p>\r\n<p style=\"padding-left: 40px;\">\u25cfun droit de correction,<\/p>\r\n<p style=\"padding-left: 40px;\">\u25cfun droit \u00e0 l&rsquo;effacement,<\/p>\r\n<p style=\"padding-left: 40px;\">\u25cfun droit \u00e0 la portabilit\u00e9 des donn\u00e9es,<\/p>\r\n<p style=\"padding-left: 40px;\">\u25cfun droit post-mortem<\/p>\r\n","protected":false},"excerpt":{"rendered":"<p>Derni\u00e8re r\u00e9vision le 03\/04\/2019. Cadre juridique &#8211; conformit\u00e9 au RGPD et \u00e0 la loi fran\u00e7aise Le responsable du traitement d\u00e9clare qu&rsquo;il effectue des traitements de&hellip;&nbsp;<a href=\"https:\/\/www.erea86.fr\/version2\/politique-de-confidentialite\/\" class=\"more-link\">Lire la suite<\/a><\/p>\n","protected":false},"author":1,"featured_media":0,"parent":0,"menu_order":0,"comment_status":"closed","ping_status":"closed","template":"","meta":{"_bbp_topic_count":0,"_bbp_reply_count":0,"_bbp_total_topic_count":0,"_bbp_total_reply_count":0,"_bbp_voice_count":0,"_bbp_anonymous_reply_count":0,"_bbp_topic_count_hidden":0,"_bbp_reply_count_hidden":0,"_bbp_forum_subforum_count":0,"footnotes":""},"class_list":["post-5668","page","type-page","status-publish","hentry"],"_links":{"self":[{"href":"https:\/\/www.erea86.fr\/version2\/wp-json\/wp\/v2\/pages\/5668","targetHints":{"allow":["GET"]}}],"collection":[{"href":"https:\/\/www.erea86.fr\/version2\/wp-json\/wp\/v2\/pages"}],"about":[{"href":"https:\/\/www.erea86.fr\/version2\/wp-json\/wp\/v2\/types\/page"}],"author":[{"embeddable":true,"href":"https:\/\/www.erea86.fr\/version2\/wp-json\/wp\/v2\/users\/1"}],"replies":[{"embeddable":true,"href":"https:\/\/www.erea86.fr\/version2\/wp-json\/wp\/v2\/comments?post=5668"}],"version-history":[{"count":0,"href":"https:\/\/www.erea86.fr\/version2\/wp-json\/wp\/v2\/pages\/5668\/revisions"}],"wp:attachment":[{"href":"https:\/\/www.erea86.fr\/version2\/wp-json\/wp\/v2\/media?parent=5668"}],"curies":[{"name":"wp","href":"https:\/\/api.w.org\/{rel}","templated":true}]}}