{"id":3383,"date":"2018-11-26T10:46:16","date_gmt":"2018-11-26T09:46:16","guid":{"rendered":"https:\/\/www.erea86.fr\/version2\/?page_id=3383"},"modified":"2019-03-26T11:15:26","modified_gmt":"2019-03-26T10:15:26","slug":"informations-unss","status":"publish","type":"page","link":"https:\/\/www.erea86.fr\/version2\/informations-unss\/","title":{"rendered":"Informations UNSS"},"content":{"rendered":"\n<h4 class=\"wp-block-heading\">Pr\u00e9sentation de l&rsquo;UNSS :<br><\/h4>\n\n\n\n<p><a href=\"https:\/\/www.erea86.fr\/file\/UNSS\/parents_et_unss.pdf\">Voici la plaquette de pr\u00e9sentation de l&rsquo;UNSS au niveau national.<\/a><\/p>\n\n\n\n<hr class=\"wp-block-separator\"\/>\n\n\n\n<h4 class=\"wp-block-heading\">Pr\u00e9sentation de l&rsquo;Association Sportive :<\/h4>\n\n\n\n<div class=\"wp-block-image\"><figure class=\"aligncenter is-resized\"><img loading=\"lazy\" decoding=\"async\" src=\"https:\/\/www.erea86.fr\/version2\/wp-content\/uploads\/icone\/logo_as.gif\" alt=\"\" class=\"wp-image-5618\" width=\"101\" height=\"63\"\/><\/figure><\/div>\n\n\n\n<p>\n\t&nbsp;L&rsquo;A.S. (Association Sportive) est une association loi de 1901.<br>\n\tElle a pour but de faciliter l&rsquo;acc\u00e8s aux activit\u00e9s sportives organis\u00e9es\n par l&rsquo;UNSS (Union Nationale du Sport Scolaire) des \u00e9l\u00e8ves de l&rsquo;EREA \nAnne Frank.<\/p>\n\n\n\n<p>\n\tLes\n comp\u00e9tions et les activit\u00e9s sportives organis\u00e9es dans le cadre de \nl&rsquo;UNSS sont un compl\u00e9ment tr\u00e8s enrichissant aux cours d&rsquo;EPS et aux \nactivit\u00e9s \u00e9ducatives de l&rsquo;internat.<\/p>\n\n\n\n<p>\n\t\u25ba Grand jeu d\u00e9couverte des activit\u00e9s sportives de l&rsquo;UNSS en d\u00e9but d&rsquo;ann\u00e9e<br>\n\t\u25ba Football<br>\n\t\u25ba Journ\u00e9e Beach<br>\n\t\u25ba Cross d\u00e9partemental<br>\n\t\u25ba Marathon du Futuroscope en \u00e9quipe<br>\n\t\u25ba Raids multisports<br>\n\t\u25ba Courses d&rsquo;Orientation<br>\n\t\u25ba Inter-EREA de football, de p\u00eache, de run and bike, de course d&rsquo;orientation<\/p>\n\n\n\n<p>\n\tPour\n permettre \u00e0 nos \u00e9l\u00e8ves d&rsquo;y avoir acc\u00e8s, l&rsquo;A.S. s&rsquo;occupe de licencier \nses membres \u00e0 l&rsquo;UNSS, elle participe au financement des transports et \ncontribue \u00e0 l&rsquo;organisation des activit\u00e9s.<\/p>\n\n\n\n<p>\n\tPour b\u00e9n\u00e9ficier des activit\u00e9s organis\u00e9es par l&rsquo;AS, <strong>les \u00e9l\u00e8ves doivent<\/strong> \u00eatre membre de l&rsquo;association et donc pour cela <strong>s\u2019acquitter d&rsquo;une cotisation annuelle de 8 \u20ac<\/strong>.<\/p>\n\n\n\n<p> Pour  tout renseignement, contacter l&rsquo;un des enseignants membre du bureau&nbsp;:  Marie-Aude CEZAC, Christophe HUTEAU ou Philippe LUCON<\/p>\n\n\n\n<p><br><\/p>\n","protected":false},"excerpt":{"rendered":"<p>Pr\u00e9sentation de l&rsquo;UNSS : Voici la plaquette de pr\u00e9sentation de l&rsquo;UNSS au niveau national. Pr\u00e9sentation de l&rsquo;Association Sportive : &nbsp;L&rsquo;A.S. (Association Sportive) est une association&hellip;&nbsp;<a href=\"https:\/\/www.erea86.fr\/version2\/informations-unss\/\" class=\"more-link\">Lire la suite<\/a><\/p>\n","protected":false},"author":1,"featured_media":0,"parent":0,"menu_order":0,"comment_status":"closed","ping_status":"closed","template":"","meta":{"_bbp_topic_count":0,"_bbp_reply_count":0,"_bbp_total_topic_count":0,"_bbp_total_reply_count":0,"_bbp_voice_count":0,"_bbp_anonymous_reply_count":0,"_bbp_topic_count_hidden":0,"_bbp_reply_count_hidden":0,"_bbp_forum_subforum_count":0,"footnotes":""},"class_list":["post-3383","page","type-page","status-publish","hentry"],"_links":{"self":[{"href":"https:\/\/www.erea86.fr\/version2\/wp-json\/wp\/v2\/pages\/3383","targetHints":{"allow":["GET"]}}],"collection":[{"href":"https:\/\/www.erea86.fr\/version2\/wp-json\/wp\/v2\/pages"}],"about":[{"href":"https:\/\/www.erea86.fr\/version2\/wp-json\/wp\/v2\/types\/page"}],"author":[{"embeddable":true,"href":"https:\/\/www.erea86.fr\/version2\/wp-json\/wp\/v2\/users\/1"}],"replies":[{"embeddable":true,"href":"https:\/\/www.erea86.fr\/version2\/wp-json\/wp\/v2\/comments?post=3383"}],"version-history":[{"count":0,"href":"https:\/\/www.erea86.fr\/version2\/wp-json\/wp\/v2\/pages\/3383\/revisions"}],"wp:attachment":[{"href":"https:\/\/www.erea86.fr\/version2\/wp-json\/wp\/v2\/media?parent=3383"}],"curies":[{"name":"wp","href":"https:\/\/api.w.org\/{rel}","templated":true}]}}