{"id":3339,"date":"2018-11-26T10:44:17","date_gmt":"2018-11-26T09:44:17","guid":{"rendered":"https:\/\/www.erea86.fr\/version2\/?page_id=3339"},"modified":"2025-11-03T09:37:02","modified_gmt":"2025-11-03T08:37:02","slug":"les-nouvelles-de-lerea","status":"publish","type":"page","link":"https:\/\/www.erea86.fr\/version2\/les-nouvelles-de-lerea\/","title":{"rendered":"Notre journal"},"content":{"rendered":"\r\n<p><img decoding=\"async\" class=\"aligncenter\" src=\"https:\/\/www.erea86.fr\/old\/photo\/Nicolas_Faure\/nouvelles.gif\" alt=\"\" \/><\/p>\r\n\r\n<p>\u00ab\u00a0Les Nouvelles\u00a0\u00bb est notre journal. N\u00e9 \u00e0 la rentr\u00e9e 1995, il sort son premier num\u00e9ro en janvier 1996. il est r\u00e9alis\u00e9 dans le cadre des ateliers \u00e9ducatifs. Les responsables du journal sont Camille GAULTIER et Nicolas FAURE, enseignants sp\u00e9cialis\u00e9s qui encadrent un groupe d&rsquo;une quinzaine d&rsquo;\u00e9l\u00e8ves des classes de 4\u00e8me et de 3\u00e8me. Le journal para\u00eet toutes les 7 semaines environ depuis quelques ann\u00e9es et il est vendu aujourd&rsquo;hui 1 \u20ac aux \u00e9l\u00e8ves, 2 \u20ac aux adultes.<\/p>\r\n<p>&nbsp;<\/p>\r\n<p>Que faisons-nous de l&rsquo;argent de la vente ? Nous vendons le journal pour financer l&rsquo;impression. Notre imprimeur est le <a href=\"http:\/\/esat-essor.info\/imprimerie.html\" target=\"_blank\" rel=\"noopener noreferrer\">C.A.T ESSOR<\/a> \u00e0 Poitiers. L&rsquo;argent qui reste \u00e9ventuellement sert \u00e0 financer des actions men\u00e9es avec nos \u00e9l\u00e8ves journalistes autour des m\u00e9dias : visites de studios TV \u00e0 Paris, visite de journaux et radios locales, participation \u00e0 des actions autour de la presse (<a href=\"https:\/\/www.erea86.fr\/articles.php?lng=fr&amp;pg=1783\" target=\"_blank\" rel=\"noopener noreferrer\">journ\u00e9e<\/a> de la<a href=\"https:\/\/www.erea86.fr\/articles.php?lng=fr&amp;pg=2464\" target=\"_blank\" rel=\"noopener noreferrer\"> presse en EREA<\/a>, concours de journaux scolaires).<\/p>\r\n<p>&nbsp;<\/p>\r\n<p>En juin 2011, notre journal a gagn\u00e9 le <a href=\"https:\/\/www.erea86.fr\/articles.php?lng=fr&amp;pg=1811\" target=\"_blank\" rel=\"noopener noreferrer\">1er prix acad\u00e9mique<\/a> et le <a href=\"https:\/\/www.erea86.fr\/articles.php?lng=fr&amp;pg=3062\" target=\"_blank\" rel=\"noopener noreferrer\">1er prix national<\/a> aux <a href=\"http:\/\/www.cnjs-varenne.org\/index.html\" target=\"_blank\" rel=\"noopener noreferrer\">concours de journaux scolaires et lyc\u00e9ens !<\/a>&#8230; mais pas que ;o) :<\/p>\r\n<p>&nbsp;<\/p>\r\n<ul>\r\n<li><a href=\"https:\/\/www.erea86.fr\/version2\/2019\/03\/25\/historique\/\"><em>Voir l&rsquo;historique et la liste de tous nos prix<\/em><\/a><\/li>\r\n<li><strong><em><a href=\"https:\/\/www.erea86.fr\/version2\/tous-les-n\/\">Lire les \u00ab\u00a0Nouvelles\u00a0\u00bb en ligne<\/a><\/em><\/strong><\/li>\r\n<li><strong><a href=\"https:\/\/www.erea86.fr\/version2\/tous-les-n\/#telecharger\"><em>T\u00e9l\u00e9charger les \u00ab\u00a0Nouvelles\u00a0\u00bb<\/em><\/a><\/strong><\/li>\r\n<li><em><a href=\"http:\/\/www.erea86.fr\/#colophon\">Contacter le journal<\/a><\/em><\/li>\r\n<\/ul>\r\n<p><span style=\"font-size: 20px;\"><strong>Nous devrions f\u00eater nos 30 ans en d\u00e9cembre 2025 avec notre n\u00b0100 !<\/strong><\/span><\/p>\r\n<p style=\"text-align: center;\">\u00a0<\/p>\r\n<p style=\"text-align: center;\">\u00a0<\/p>\r\n<p>&nbsp;<\/p>\r\n<p style=\"font-weight: bold; text-align: center;\">\u00a0<\/p>\r\n<p style=\"font-weight: bold; text-align: right;\">Camille GAULTIER &#8211; Nicolas FAURE<\/p>\r\n<p>&nbsp;<\/p>","protected":false},"excerpt":{"rendered":"<p>\u00ab\u00a0Les Nouvelles\u00a0\u00bb est notre journal. N\u00e9 \u00e0 la rentr\u00e9e 1995, il sort son premier num\u00e9ro en janvier 1996. il est r\u00e9alis\u00e9 dans le cadre des&hellip;&nbsp;<a href=\"https:\/\/www.erea86.fr\/version2\/les-nouvelles-de-lerea\/\" class=\"more-link\">Lire la suite<\/a><\/p>\n","protected":false},"author":1,"featured_media":0,"parent":0,"menu_order":0,"comment_status":"closed","ping_status":"closed","template":"","meta":{"_bbp_topic_count":0,"_bbp_reply_count":0,"_bbp_total_topic_count":0,"_bbp_total_reply_count":0,"_bbp_voice_count":0,"_bbp_anonymous_reply_count":0,"_bbp_topic_count_hidden":0,"_bbp_reply_count_hidden":0,"_bbp_forum_subforum_count":0,"footnotes":""},"class_list":["post-3339","page","type-page","status-publish","hentry"],"_links":{"self":[{"href":"https:\/\/www.erea86.fr\/version2\/wp-json\/wp\/v2\/pages\/3339","targetHints":{"allow":["GET"]}}],"collection":[{"href":"https:\/\/www.erea86.fr\/version2\/wp-json\/wp\/v2\/pages"}],"about":[{"href":"https:\/\/www.erea86.fr\/version2\/wp-json\/wp\/v2\/types\/page"}],"author":[{"embeddable":true,"href":"https:\/\/www.erea86.fr\/version2\/wp-json\/wp\/v2\/users\/1"}],"replies":[{"embeddable":true,"href":"https:\/\/www.erea86.fr\/version2\/wp-json\/wp\/v2\/comments?post=3339"}],"version-history":[{"count":11,"href":"https:\/\/www.erea86.fr\/version2\/wp-json\/wp\/v2\/pages\/3339\/revisions"}],"predecessor-version":[{"id":22377,"href":"https:\/\/www.erea86.fr\/version2\/wp-json\/wp\/v2\/pages\/3339\/revisions\/22377"}],"wp:attachment":[{"href":"https:\/\/www.erea86.fr\/version2\/wp-json\/wp\/v2\/media?parent=3339"}],"curies":[{"name":"wp","href":"https:\/\/api.w.org\/{rel}","templated":true}]}}