{"id":3334,"date":"2018-11-26T10:43:38","date_gmt":"2018-11-26T09:43:38","guid":{"rendered":"https:\/\/www.erea86.fr\/version2\/?page_id=3334"},"modified":"2019-03-25T14:44:47","modified_gmt":"2019-03-25T13:44:47","slug":"reglement-de-linternat","status":"publish","type":"page","link":"https:\/\/www.erea86.fr\/version2\/reglement-de-linternat\/","title":{"rendered":"R\u00e8glement de l&rsquo;internat"},"content":{"rendered":"\n<p>\n\t<strong>Annexe au r\u00e8glement int\u00e9rieur de l&rsquo;EREA Anne Frank<\/strong><\/p>\n\n\n\n<p>\n\t<strong>L\u2019INTERNAT de l\u2019EREA Anne Frank<\/strong><\/p>\n\n\n\n<p>\n\tL\u2019EREA accueille chaque ann\u00e9e 108 \u00e9l\u00e8ves (filles et gar\u00e7ons) au sein de l\u2019internat.<br>\n\tC\u2019est une riche exp\u00e9rience de vie en collectivit\u00e9 o\u00f9 chacun se doit de vivre en respectant les autres.<br>\n\tQuand un \u00e9l\u00e8ve a fini sa journ\u00e9e de cours, il est toujours pris en \ncharge par un enseignant soit dans des activit\u00e9s \u00e9ducatives, \nculturelles, artistiques, sportives ou en \u00e9tude pour les \u00e9l\u00e8ves de CAP.<br>\n\tLa veill\u00e9e s\u2019organise selon un planning d\u00e9termin\u00e9 en commun. Le \nmercredi apr\u00e8s-midi, des sorties sont organis\u00e9es. Les \u00e9l\u00e8ves de CAP \npeuvent b\u00e9n\u00e9ficier d\u2019une sortie \u00ablibre\u00bb avec autorisation parentale.<\/p>\n\n\n\n<p>\n\t<strong>LA VIE A L&rsquo;INTERNAT<\/strong><\/p>\n\n\n\n<p>\n\tA la fin des cours, je pose mon sac dans mon casier et je vais chercher mon go\u00fbter distribu\u00e9 par un enseignant-\u00e9ducateur.<br>\n\tJe rejoins mon groupe d&rsquo;activit\u00e9 ou d&rsquo;\u00e9tude \u00e0 l&rsquo;appel du responsable. Je ne circule pas seul dans les b\u00e2timents.<br>\n\tA l&rsquo;heure du d\u00eener (\u00e0 partir de 18 h 50) je rentre au self sur autorisation de l&rsquo;enseignant-\u00e9ducateur de service.<\/p>\n\n\n\n<p>\n\t<strong>Aux repas&nbsp;:<\/strong><\/p>\n\n\n\n<p>\n\t<br>\n\t\u25ba Chacun se lave les mains et les s\u00e8che.<br>\n\t\u25ba Chacun prend une entr\u00e9e, un plat et un dessert (comprenant au moins \nun fruit ou un l\u00e9gume). Chacun go\u00fbte aux plats, se sert raisonnablement.<br>\n\t\u25ba Les blousons et \u00e9charpes sont pos\u00e9s sur les dossiers des chaises.<br>\n\t\u25ba On discute seulement avec ses voisins voisines et pas trop fort.<br>\n\t\u25ba On demande l\u2019autorisation pour se d\u00e9placer.<br>\n\t\u25ba La sortie du r\u00e9fectoire se fait sur autorisation de \nl&rsquo;enseignant-\u00e9ducateur&nbsp; apr\u00e8s avoir d\u00e9barrass\u00e9 son plateau et sa table, \nla chaise rang\u00e9e.<\/p>\n\n\n\n<p>\n\t<strong>Au dortoir&nbsp;:<\/strong><\/p>\n\n\n\n<p>\n\t<br>\n\tA partir de 19h30, les \u00e9l\u00e8ves se \nregroupent vers l\u2019entr\u00e9e de l\u2019internat (apr\u00e8s avoir pris leurs sacs si \nn\u00e9cessaire) et montent au dortoir \u00e0 tour de r\u00f4le accompagn\u00e9s de \nl&rsquo;enseignant-\u00e9ducateur de son dortoir.<br>\n\tmont\u00e9e au dortoir,<br>\n\t\u00e0 l\u2019entr\u00e9e, on se d\u00e9chausse et les chaussures sont rang\u00e9es dans le chaussier.<br>\n\ton circule dans le couloir en chaussons et dans le calme.<br>\n\tinstallation, douche, devoirs, jeux<br>\n\textinction des plafonniers dans les chambres, seules les lampes \nindividuelles&nbsp; sont allum\u00e9es. Chacun rejoint sa chambre (sauf \ninstallation en salle TV).<br>\n\tdernier passage aux toilettes, les t\u00e9l\u00e9phones portables sont rendus.<br>\n\textinction de toutes les lampes et calme complet \u00e0 21h00 au D2 et D4, 21h30 au D1 et D3.<\/p>\n\n\n\n<p>\n\t\u25ba T\u00e9l\u00e9vision&nbsp;: Le choix se fait le lundi \npour la semaine sans modification ult\u00e9rieure ( 1 soir\u00e9e par semaine \u00e0 \nl\u2019exception de ceux et celles qui b\u00e9n\u00e9ficient d\u2019une soir\u00e9e \nsuppl\u00e9mentaire au regard des \u00e9valuations de dortoir). Le rangement de la\n salle se fera le matin suivant.<br>\n\t\u25ba On peut \u00e9couter de la musique dans les chambres mais \u00e0 volume mod\u00e9r\u00e9.<br>\n\t\u25ba Toilette&nbsp;:<br>\n\t&#8211; tous les soirs&nbsp;: douche et brossage des dents.<br>\n\t&#8211; tous les matins&nbsp;: toilette du visage, coiffure et brossage des dents.<br>\n\tLes filles autoris\u00e9es par leurs parents \u00e0 se maquiller doivent imp\u00e9rativement avoir un d\u00e9maquillant et l\u2019utiliser chaque soir.<br>\n\t\u25ba Chambres&nbsp;: Elles doivent \u00eatre tenues propres et rang\u00e9es.<br>\n\tLe matin, avant de descendre prendre le petit d\u00e9jeuner, on a\u00e8re les \nlits et les chambres. Les lits, le rangement de l&rsquo;armoire et le brossage\n des dents s\u2019effectuent en revenant.<br>\n\tRegroupement au chaussier et descente dans la cour sur autorisation.<\/p>\n\n\n\n<p>\n\t<strong>En g\u00e9n\u00e9ral<\/strong><\/p>\n\n\n\n<p>\n\t<br>\n\tLes v\u00eatements sont rang\u00e9s dans les \narmoires d\u00e8s le lundi soir. Les sacs se placent dans ou sur l\u2019armoire. \nRien ne doit \u00eatre pos\u00e9 au sol pour faciliter le m\u00e9nage.<br>\n\tLe linge sale est s\u00e9par\u00e9 du linge propre.&nbsp; Les armoires sont vid\u00e9es avant chaque p\u00e9riode de vacances et laiss\u00e9es ouvertes.<br>\n\tChacun doit porter une tenue propre, correcte adapt\u00e9e \u00e0 la saison et \u00e0 la pratique scolaire.<br>\n\tChacun doit \u00eatre respectueux des locaux, du mat\u00e9riel et des autres.<\/p>\n\n\n\n<p>\n\t<br>\n\t<strong>Service&nbsp;:<\/strong> 2 \u00e9l\u00e8ves sont \nde service chaque semaine. Ils v\u00e9rifient le rangement des chambres et \ndes salles de bains avant de descendre et sortent donc en dernier du \ndortoir. Ils sont \u00e9galement responsables du nettoyage des douches. Les \nderniers rangent la salle des lavabos. Le vendredi, ils portent les \nserviettes \u00e0 la lingerie.<\/p>\n\n\n\n<p>\n\t<br>\n\t\u25ba La chambre des enseignants n\u2019est pas un\n lieu public. On frappe et on attend la r\u00e9ponse avant d\u2019entrer. On \nn\u2019entre pas en l&rsquo;absence de l&rsquo;adulte.<br>\n\t\u25ba Il est fortement d\u00e9conseill\u00e9 d\u2019apporter tout objet de valeur \u00e0 \nl\u2019internat (console de jeux, bijoux\u2026), les enseignants ne peuvent g\u00e9rer \nl\u2019utilisation et le \u00a0\u00bb&nbsp;gardiennage&nbsp;\u00a0\u00bb de ces objets. ll est obligatoire de\n fermer son armoire \u00e0 clef, et de fournir un double \u00e0 l&rsquo;enseignant \n\u00e9ducateur.<br>\n\t\u25ba Infirmerie&nbsp;: les traitements se prennent sous la responsabilit\u00e9 des \ninfirmi\u00e8res. Les visites \u00e0 l\u2019infirmerie se font pendant les r\u00e9cr\u00e9ations,\n sauf urgence mais toujours avec autorisation d\u2019un adulte.<br>\n\t\u25ba T\u00e9l\u00e9phone&nbsp;: les \u00e9l\u00e8ves peuvent t\u00e9l\u00e9phoner \u00e0 leurs responsables avec le t\u00e9l\u00e9phone de la chambre des \u00e9ducateurs.<br>\n\tPour les \u00e9l\u00e8ves qui poss\u00e8dent un t\u00e9l\u00e9phone portable&nbsp;:<\/p>\n\n\n\n<p> Chaque soir de 19h45 \u00e0 20h45  les \u00e9l\u00e8ves ont la possibilit\u00e9 de prendre leur t\u00e9l\u00e9phone portable sans  oublier de le redonner \u00e9teint.<\/p>\n\n\n\n<p><\/p>\n\n\n\n\n","protected":false},"excerpt":{"rendered":"<p>Annexe au r\u00e8glement int\u00e9rieur de l&rsquo;EREA Anne Frank L\u2019INTERNAT de l\u2019EREA Anne Frank L\u2019EREA accueille chaque ann\u00e9e 108 \u00e9l\u00e8ves (filles et gar\u00e7ons) au sein de&hellip;&nbsp;<a href=\"https:\/\/www.erea86.fr\/version2\/reglement-de-linternat\/\" class=\"more-link\">Lire la suite<\/a><\/p>\n","protected":false},"author":1,"featured_media":0,"parent":0,"menu_order":0,"comment_status":"closed","ping_status":"closed","template":"","meta":{"_bbp_topic_count":0,"_bbp_reply_count":0,"_bbp_total_topic_count":0,"_bbp_total_reply_count":0,"_bbp_voice_count":0,"_bbp_anonymous_reply_count":0,"_bbp_topic_count_hidden":0,"_bbp_reply_count_hidden":0,"_bbp_forum_subforum_count":0,"footnotes":""},"class_list":["post-3334","page","type-page","status-publish","hentry"],"_links":{"self":[{"href":"https:\/\/www.erea86.fr\/version2\/wp-json\/wp\/v2\/pages\/3334","targetHints":{"allow":["GET"]}}],"collection":[{"href":"https:\/\/www.erea86.fr\/version2\/wp-json\/wp\/v2\/pages"}],"about":[{"href":"https:\/\/www.erea86.fr\/version2\/wp-json\/wp\/v2\/types\/page"}],"author":[{"embeddable":true,"href":"https:\/\/www.erea86.fr\/version2\/wp-json\/wp\/v2\/users\/1"}],"replies":[{"embeddable":true,"href":"https:\/\/www.erea86.fr\/version2\/wp-json\/wp\/v2\/comments?post=3334"}],"version-history":[{"count":0,"href":"https:\/\/www.erea86.fr\/version2\/wp-json\/wp\/v2\/pages\/3334\/revisions"}],"wp:attachment":[{"href":"https:\/\/www.erea86.fr\/version2\/wp-json\/wp\/v2\/media?parent=3334"}],"curies":[{"name":"wp","href":"https:\/\/api.w.org\/{rel}","templated":true}]}}