{"id":3330,"date":"2018-11-26T10:42:34","date_gmt":"2018-11-26T09:42:34","guid":{"rendered":"https:\/\/www.erea86.fr\/version2\/?page_id=3330"},"modified":"2019-04-15T22:44:01","modified_gmt":"2019-04-15T20:44:01","slug":"presentation-de-leducatif-internat","status":"publish","type":"page","link":"https:\/\/www.erea86.fr\/version2\/presentation-de-leducatif-internat\/","title":{"rendered":"Pr\u00e9sentation de l&rsquo;\u00e9ducatif \/ Internat"},"content":{"rendered":"<p><span style=\"font-size: 16px;\">L\u2019internat \u00e9ducatif de l\u2019EREA accueille 108 \u00e9l\u00e8ves. Cet accueil r\u00e9pond \u00e0 la condition de l\u2019\u00e9loignement g\u00e9ographique ou de la n\u00e9cessit\u00e9 d\u2019une prise en charge \u00e9ducative pour des raisons diverses.<\/p>\n<p>Aux activit\u00e9s de\u00a0soutien scolaire\u00a0et de\u00a0suivi individualis\u00e9 des \u00e9l\u00e8ves\u00a0s&rsquo;ajoutent de nombreuses\u00a0activit\u00e9s :<\/span><\/p>\n<ul>\n<li><span style=\"font-size: 16px;\">sportives\u00a0(judo, escalade, \u00e9quitation&#8230;),<\/span><\/li>\n<li><span style=\"font-size: 16px;\">culturelles\u00a0(sorties, spectacles, d\u00e9bats philosophiques&#8230;),<\/span><\/li>\n<li><span style=\"font-size: 16px;\">artistiques\u00a0(peinture, th\u00e9\u00e2tre, danse, cr\u00e9ation de vid\u00e9os&#8230;),<\/span><\/li>\n<li><span style=\"font-size: 16px;\">manuelles\u00a0(bricolage, cuisine&#8230;)<\/span><\/li>\n<li><span style=\"font-size: 16px;\">ou li\u00e9es aux\u00a0Technologies de l&rsquo;Information et de la Communication\u00a0(journal scolaire, correspondance scolaire,&#8230;).<\/span><\/li>\n<\/ul>\n<p><span style=\"font-size: 16px;\">Nous vous pr\u00e9sentons dans cette partie l&rsquo;actualit\u00e9 du versant \u00e9ducatif de l&rsquo;\u00e9tablissement.<\/span><\/p>\n<div style=\"text-align: center;\">\n<span style=\"font-size: 16px;\">Escalade<br \/>\n<img decoding=\"async\" src=\"http:\/\/www.erea86.fr\/old\/photo\/Presentation_EREA\/visite\/Escalade.jpg\" alt=\"\" data-cke-saved-src=\"photo\/Presentation_EREA\/visite\/Escalade.jpg\" \/><\/p>\n<p>\u00c9quitation<br \/>\n<img decoding=\"async\" src=\"http:\/\/www.erea86.fr\/old\/photo\/Presentation_EREA\/visite\/cheval.jpg\" alt=\"\" data-cke-saved-src=\"photo\/Presentation_EREA\/visite\/cheval.jpg\" \/><\/p>\n<p>Le groupe journal dans l&rsquo;une des 3 salles informatique<br \/>\n<img decoding=\"async\" src=\"http:\/\/www.erea86.fr\/old\/photo\/Presentation_EREA\/visite\/journal.JPG\" alt=\"\" data-cke-saved-src=\"photo\/Presentation_EREA\/visite\/journal.JPG\" \/><\/p>\n<p>Groupe pala<br \/>\n<img decoding=\"async\" src=\"http:\/\/www.erea86.fr\/old\/photo\/Presentation_EREA\/visite\/Pala.jpg\" alt=\"\" data-cke-saved-src=\"photo\/Presentation_EREA\/visite\/Pala.jpg\" \/><\/p>\n<p>Sortie spectacle<br \/>\n<img decoding=\"async\" src=\"http:\/\/www.erea86.fr\/old\/photo\/Presentation_EREA\/visite\/Sorties.jpg\" alt=\"\" data-cke-saved-src=\"photo\/Presentation_EREA\/visite\/Sorties.jpg\" \/><\/p>\n<p>Inter EREA de tir<br \/>\n<img decoding=\"async\" src=\"http:\/\/www.erea86.fr\/old\/photo\/Presentation_EREA\/visite\/tir.jpg\" alt=\"\" data-cke-saved-src=\"photo\/Presentation_EREA\/visite\/tir.jpg\" \/><\/span><\/p>\n<p><span style=\"font-size: 16px;\">Inter EREA de football<br \/>\n<img decoding=\"async\" src=\"http:\/\/www.erea86.fr\/old\/photo\/Presentation_EREA\/visite\/foot.jpg\" alt=\"\" data-cke-saved-src=\"photo\/Presentation_EREA\/visite\/foot.jpg\" \/><\/span><\/div>\n<div style=\"text-align: center;\"><\/div>\n<div style=\"text-align: center;\"><span style=\"font-size: 16px;\"><a href=\"http:\/\/www.erea86.fr\/old\/articles.php?lng=fr&amp;pg=178#internat\" data-cke-saved-href=\"articles.php?lng=fr&amp;pg=178#internat\">D&rsquo;autres photos de l&rsquo;internat, du foyer, de la MDL&#8230;<\/a><\/span><\/div>\n","protected":false},"excerpt":{"rendered":"<p>L\u2019internat \u00e9ducatif de l\u2019EREA accueille 108 \u00e9l\u00e8ves. Cet accueil r\u00e9pond \u00e0 la condition de l\u2019\u00e9loignement g\u00e9ographique ou de la n\u00e9cessit\u00e9 d\u2019une prise en charge \u00e9ducative&hellip;&nbsp;<a href=\"https:\/\/www.erea86.fr\/version2\/presentation-de-leducatif-internat\/\" class=\"more-link\">Lire la suite<\/a><\/p>\n","protected":false},"author":1,"featured_media":0,"parent":0,"menu_order":0,"comment_status":"closed","ping_status":"closed","template":"","meta":{"_bbp_topic_count":0,"_bbp_reply_count":0,"_bbp_total_topic_count":0,"_bbp_total_reply_count":0,"_bbp_voice_count":0,"_bbp_anonymous_reply_count":0,"_bbp_topic_count_hidden":0,"_bbp_reply_count_hidden":0,"_bbp_forum_subforum_count":0,"footnotes":""},"class_list":["post-3330","page","type-page","status-publish","hentry"],"_links":{"self":[{"href":"https:\/\/www.erea86.fr\/version2\/wp-json\/wp\/v2\/pages\/3330","targetHints":{"allow":["GET"]}}],"collection":[{"href":"https:\/\/www.erea86.fr\/version2\/wp-json\/wp\/v2\/pages"}],"about":[{"href":"https:\/\/www.erea86.fr\/version2\/wp-json\/wp\/v2\/types\/page"}],"author":[{"embeddable":true,"href":"https:\/\/www.erea86.fr\/version2\/wp-json\/wp\/v2\/users\/1"}],"replies":[{"embeddable":true,"href":"https:\/\/www.erea86.fr\/version2\/wp-json\/wp\/v2\/comments?post=3330"}],"version-history":[{"count":0,"href":"https:\/\/www.erea86.fr\/version2\/wp-json\/wp\/v2\/pages\/3330\/revisions"}],"wp:attachment":[{"href":"https:\/\/www.erea86.fr\/version2\/wp-json\/wp\/v2\/media?parent=3330"}],"curies":[{"name":"wp","href":"https:\/\/api.w.org\/{rel}","templated":true}]}}