{"id":3268,"date":"2018-11-26T10:37:45","date_gmt":"2018-11-26T09:37:45","guid":{"rendered":"https:\/\/www.erea86.fr\/version2\/?page_id=3268"},"modified":"2025-06-25T21:16:44","modified_gmt":"2025-06-25T19:16:44","slug":"liste-des-fournitures","status":"publish","type":"page","link":"https:\/\/www.erea86.fr\/version2\/liste-des-fournitures\/","title":{"rendered":"Liste des fournitures"},"content":{"rendered":"\n<p><img loading=\"lazy\" decoding=\"async\" class=\"alignleft\" src=\"https:\/\/www.erea86.fr\/version2\/wp-content\/uploads\/Liste_Materiel\/fournitures.jpg\" alt=\"\" width=\"285\" height=\"365\"><\/p>\n<p><span style=\"font-size: 20px;\"><strong>Fournitures pour l&rsquo;ann\u00e9e scolaire 2025-2026<br><\/strong><\/span><\/p>\n\n\n\n<ul class=\"wp-block-list\">\n<li class=\"has-large-font-size\"><strong>Coll\u00e8ge Enseignement G\u00e9n\u00e9ral :<\/strong><\/li>\n\n\n\n<li class=\"has-medium-font-size\"><a href=\"https:\/\/drive.google.com\/file\/d\/1akZdjV9MyVLG0nYxnMMiQ87gzhvEhoFI\/view?usp=drive_link\" data-type=\"link\" data-id=\"https:\/\/drive.google.com\/file\/d\/1akZdjV9MyVLG0nYxnMMiQ87gzhvEhoFI\/view?usp=drive_link\" target=\"_blank\" rel=\"noreferrer noopener\">6e<\/a><\/li>\n\n\n\n<li class=\"has-medium-font-size\"><a href=\"https:\/\/drive.google.com\/file\/d\/1jTIMs9BU2XPf4LW9c_3q1KGMilbF66EQ\/view?usp=drive_link\" data-type=\"link\" data-id=\"https:\/\/drive.google.com\/file\/d\/1jTIMs9BU2XPf4LW9c_3q1KGMilbF66EQ\/view?usp=drive_link\" target=\"_blank\" rel=\"noreferrer noopener\">5e<\/a><\/li>\n\n\n\n<li class=\"has-medium-font-size\"><a href=\"https:\/\/drive.google.com\/file\/d\/1PmgIMw63mBgYZ7_cami9DKh7hISe7LpR\/view?usp=drive_link\" data-type=\"link\" data-id=\"https:\/\/drive.google.com\/file\/d\/1PmgIMw63mBgYZ7_cami9DKh7hISe7LpR\/view?usp=drive_link\" target=\"_blank\" rel=\"noreferrer noopener\">4e<\/a><\/li>\n\n\n\n<li class=\"has-medium-font-size\"><a href=\"https:\/\/drive.google.com\/file\/d\/1xLkHMjC58SvDQ3ruTfggrJ2w26uHJUah\/view?usp=drive_link\" data-type=\"link\" data-id=\"https:\/\/drive.google.com\/file\/d\/1xLkHMjC58SvDQ3ruTfggrJ2w26uHJUah\/view?usp=drive_link\" target=\"_blank\" rel=\"noreferrer noopener\">3e<\/a><\/li>\n<\/ul>\n\n\n\n\n\n<ul class=\"wp-block-list\">\n<li class=\"has-medium-font-size\">+ <a href=\"https:\/\/drive.google.com\/file\/d\/1bx7xe1V4Ock7_rL6oxwp8AgD2cfdttL_\/view?usp=drive_link\" data-type=\"link\" data-id=\"https:\/\/drive.google.com\/file\/d\/1bx7xe1V4Ock7_rL6oxwp8AgD2cfdttL_\/view?usp=drive_link\" target=\"_blank\" rel=\"noreferrer noopener\">3e HAS<\/a> ou <a href=\"https:\/\/drive.google.com\/file\/d\/1WhQdBM3A9_VsvHa9vBbeERl44L3LEyVP\/view?usp=drive_link\" data-type=\"link\" data-id=\"https:\/\/drive.google.com\/file\/d\/1WhQdBM3A9_VsvHa9vBbeERl44L3LEyVP\/view?usp=drive_link\" target=\"_blank\" rel=\"noreferrer noopener\">3e Habitat<\/a><strong><br><\/strong>Les listes de fournitures pour l&rsquo;enseignement professionnel ont \u00e9t\u00e9 remises aux \u00e9l\u00e8ves selon leur groupe en fin d&rsquo;ann\u00e9e. En cas de besoin, <a href=\"https:\/\/www.erea86.fr\/#colophon\" data-type=\"link\" data-id=\"https:\/\/www.erea86.fr\/#colophon\" target=\"_blank\" rel=\"noreferrer noopener\">contactez le secr\u00e9tariat. <\/a><br><br><\/li>\n\n\n\n<li class=\"has-large-font-size\"><strong>CAP<\/strong><\/li>\n\n\n\n<li class=\"has-medium-font-size\"><a href=\"https:\/\/drive.google.com\/file\/d\/1P-b3L6wG-hgTeLowGwaFsvp5v723rVXv\/view?usp=drive_link\" data-type=\"link\" data-id=\"https:\/\/drive.google.com\/file\/d\/1P-b3L6wG-hgTeLowGwaFsvp5v723rVXv\/view?usp=drive_link\" target=\"_blank\" rel=\"noreferrer noopener\">1CAP PPB formation professionnelle<\/a><\/li>\n\n\n\n<li><a href=\"https:\/\/drive.google.com\/file\/d\/1EOT3iDf-msFX9JNyxmprkgk4h1LeaC8x\/view?usp=drive_link\" data-type=\"link\" data-id=\"https:\/\/drive.google.com\/file\/d\/1EOT3iDf-msFX9JNyxmprkgk4h1LeaC8x\/view?usp=drive_link\" target=\"_blank\" rel=\"noreferrer noopener\">1CAP1AAGA formation professionnel<\/a>le<\/li>\n\n\n\n<li><a href=\"https:\/\/drive.google.com\/file\/d\/1KeC_lyGcjjUuEcTftfVhNo1cQnbphX-C\/view?usp=drive_link\" target=\"_blank\" rel=\"noreferrer noopener\">1CAP2 IMTB enseignement professionnel<\/a><\/li>\n<\/ul>\n\n\n\n\n\n<ul class=\"wp-block-list\">\n<li><a href=\"https:\/\/drive.google.com\/file\/d\/1F06Qetivwus45YWaMQu29jWrod-yz6Gb\/view?usp=drive_link\" data-type=\"link\" data-id=\"https:\/\/drive.google.com\/file\/d\/1F06Qetivwus45YWaMQu29jWrod-yz6Gb\/view?usp=drive_link\" target=\"_blank\" rel=\"noreferrer noopener\">2CAP2 et 1CAP2 IMTB Enseignement G\u00e9n\u00e9ral<\/a><\/li>\n\n\n\n<li><a href=\"https:\/\/drive.google.com\/file\/d\/1jMQ7HZ1xXzJg8FN3imp1n-sYFIKZ-BmW\/view?usp=drive_link\" data-type=\"link\" data-id=\"https:\/\/drive.google.com\/file\/d\/1jMQ7HZ1xXzJg8FN3imp1n-sYFIKZ-BmW\/view?usp=drive_link\" target=\"_blank\" rel=\"noreferrer noopener\">2CAP1 AAGA formation professionnelle<\/a><\/li>\n\n\n\n<li><a href=\"https:\/\/drive.google.com\/file\/d\/1A188q8Mz8xzh-TqM6xi1_DFdbl6tbLx5\/view?usp=drive_link\" data-type=\"link\" data-id=\"https:\/\/drive.google.com\/file\/d\/1A188q8Mz8xzh-TqM6xi1_DFdbl6tbLx5\/view?usp=drive_link\" target=\"_blank\" rel=\"noreferrer noopener\">2CAP2 IMTB Enseignement Professionnel<\/a><\/li>\n<\/ul>\n\n\n\n\n\n\n\n\n","protected":false},"excerpt":{"rendered":"<p>Fournitures pour l&rsquo;ann\u00e9e scolaire 2025-2026<\/p>\n","protected":false},"author":1,"featured_media":0,"parent":0,"menu_order":0,"comment_status":"closed","ping_status":"closed","template":"","meta":{"_bbp_topic_count":0,"_bbp_reply_count":0,"_bbp_total_topic_count":0,"_bbp_total_reply_count":0,"_bbp_voice_count":0,"_bbp_anonymous_reply_count":0,"_bbp_topic_count_hidden":0,"_bbp_reply_count_hidden":0,"_bbp_forum_subforum_count":0,"footnotes":""},"class_list":["post-3268","page","type-page","status-publish","hentry"],"_links":{"self":[{"href":"https:\/\/www.erea86.fr\/version2\/wp-json\/wp\/v2\/pages\/3268","targetHints":{"allow":["GET"]}}],"collection":[{"href":"https:\/\/www.erea86.fr\/version2\/wp-json\/wp\/v2\/pages"}],"about":[{"href":"https:\/\/www.erea86.fr\/version2\/wp-json\/wp\/v2\/types\/page"}],"author":[{"embeddable":true,"href":"https:\/\/www.erea86.fr\/version2\/wp-json\/wp\/v2\/users\/1"}],"replies":[{"embeddable":true,"href":"https:\/\/www.erea86.fr\/version2\/wp-json\/wp\/v2\/comments?post=3268"}],"version-history":[{"count":40,"href":"https:\/\/www.erea86.fr\/version2\/wp-json\/wp\/v2\/pages\/3268\/revisions"}],"predecessor-version":[{"id":22297,"href":"https:\/\/www.erea86.fr\/version2\/wp-json\/wp\/v2\/pages\/3268\/revisions\/22297"}],"wp:attachment":[{"href":"https:\/\/www.erea86.fr\/version2\/wp-json\/wp\/v2\/media?parent=3268"}],"curies":[{"name":"wp","href":"https:\/\/api.w.org\/{rel}","templated":true}]}}