{"id":3262,"date":"2018-11-26T10:33:12","date_gmt":"2018-11-26T09:33:12","guid":{"rendered":"https:\/\/www.erea86.fr\/version2\/?page_id=3262"},"modified":"2021-01-28T10:20:30","modified_gmt":"2021-01-28T09:20:30","slug":"des-nouvelles-des-anciens","status":"publish","type":"page","link":"https:\/\/www.erea86.fr\/version2\/des-nouvelles-des-anciens\/","title":{"rendered":"Des nouvelles des anciens"},"content":{"rendered":"\r\n<p style=\"text-align: center;\"><strong><img decoding=\"async\" src=\"https:\/\/www.erea86.fr\/version2\/wp-content\/uploads\/nicolasfaure\/site\/photo_classe.jpg\" alt=\"\" \/><br \/><\/strong><\/p>\r\n\r\n\r\n\r\n\r\n\r\n<p style=\"text-align: center;\"><strong><span style=\"font-size: 28px;\"> Anciens de l&rsquo;EREA, \u00e9l\u00e8ves ou adultes, que devenez-vous ?<\/span><\/strong><\/p>\r\n<p style=\"text-align: center;\"><br \/><br \/><span style=\"font-size: 24px;\">Ne vous g\u00eanez pas pour vous inscrire sur le site et remplir cette rubrique <span style=\"background-color: #ffff00;\"><strong>en allant tout en bas laisser un commentaire<\/strong><\/span> et parlez-nous de vous !<\/span><\/p>\r\n<p>&nbsp;<\/p>\r\n\r\n\r\n\r\n<p>*Le webmestre est sur la photo. Saurez-vous le retrouver ?<\/p>\r\n<p><em><span style=\"font-size: 24px;\">Retrouvez l&rsquo;historique des messages <strong><a href=\"https:\/\/www.erea86.fr\/old\/articles.php?lng=fr&amp;pg=630\" target=\"_blank\" rel=\"noopener noreferrer\">ici<\/a><\/strong> et<strong><a href=\"https:\/\/www.erea86.fr\/old\/articles.php?lng=fr&amp;pg=820\" target=\"_blank\" rel=\"noopener noreferrer\"> l\u00e0<\/a><\/strong>.<\/span><\/em><\/p>\r\n","protected":false},"excerpt":{"rendered":"<p>Anciens de l&rsquo;EREA, \u00e9l\u00e8ves ou adultes, que devenez-vous ? Ne vous g\u00eanez pas pour vous inscrire sur le site et remplir cette rubrique en allant&hellip;&nbsp;<a href=\"https:\/\/www.erea86.fr\/version2\/des-nouvelles-des-anciens\/\" class=\"more-link\">Lire la suite<\/a><\/p>\n","protected":false},"author":1,"featured_media":0,"parent":0,"menu_order":0,"comment_status":"open","ping_status":"closed","template":"","meta":{"_bbp_topic_count":0,"_bbp_reply_count":0,"_bbp_total_topic_count":0,"_bbp_total_reply_count":0,"_bbp_voice_count":0,"_bbp_anonymous_reply_count":0,"_bbp_topic_count_hidden":0,"_bbp_reply_count_hidden":0,"_bbp_forum_subforum_count":0,"footnotes":""},"class_list":["post-3262","page","type-page","status-publish","hentry"],"_links":{"self":[{"href":"https:\/\/www.erea86.fr\/version2\/wp-json\/wp\/v2\/pages\/3262","targetHints":{"allow":["GET"]}}],"collection":[{"href":"https:\/\/www.erea86.fr\/version2\/wp-json\/wp\/v2\/pages"}],"about":[{"href":"https:\/\/www.erea86.fr\/version2\/wp-json\/wp\/v2\/types\/page"}],"author":[{"embeddable":true,"href":"https:\/\/www.erea86.fr\/version2\/wp-json\/wp\/v2\/users\/1"}],"replies":[{"embeddable":true,"href":"https:\/\/www.erea86.fr\/version2\/wp-json\/wp\/v2\/comments?post=3262"}],"version-history":[{"count":0,"href":"https:\/\/www.erea86.fr\/version2\/wp-json\/wp\/v2\/pages\/3262\/revisions"}],"wp:attachment":[{"href":"https:\/\/www.erea86.fr\/version2\/wp-json\/wp\/v2\/media?parent=3262"}],"curies":[{"name":"wp","href":"https:\/\/api.w.org\/{rel}","templated":true}]}}