{"id":3230,"date":"2018-11-26T10:31:48","date_gmt":"2018-11-26T09:31:48","guid":{"rendered":"https:\/\/www.erea86.fr\/version2\/?page_id=3230"},"modified":"2025-02-17T15:26:41","modified_gmt":"2025-02-17T14:26:41","slug":"historique-48-ans-erea","status":"publish","type":"page","link":"https:\/\/www.erea86.fr\/version2\/historique-48-ans-erea\/","title":{"rendered":"Historique 55 ans EREA"},"content":{"rendered":"<h1>L&rsquo;EREA, il y a 55 ans<\/h1>\n<p>Quand l&rsquo;EREA s&rsquo;appelait ENP (Etablissement National de Perfectionnement), qu&rsquo;il n&rsquo;y avait que des filles et que son n\u00b0 de t\u00e9l\u00e9phone \u00e9tait le 41.68.15.<\/p>\n<p>Il a \u00e9t\u00e9 construit en 1969 ou 1970.<\/p>\n<p><strong>Les changements de l&rsquo;EREA pendant plus de 55 ans :<\/strong><\/p>\n<p><img decoding=\"async\" src=\"https:\/\/www.erea86.fr\/version2\/wp-content\/uploads\/A_GARDER\/50ansV2.gif\" alt=\"\" \/><\/p>\n<p>Int\u00e9ressant de noter que le bloc self, laverie, administration,&#8230;. n&rsquo;a presque pas chang\u00e9 jusqu&rsquo;en 2018. C&rsquo;est la seule partie qui avait surv\u00e9cu. Mais fin 2018, presque tout a finalement \u00e9t\u00e9 refait (\u00e0 part le self) &#8211; voir \u00ab\u00a0<a href=\"http:\/\/calameo.com\/read\/002463902fffb6d2ab3b4?trackersource=library\">Les Nouvelles de l&rsquo;EREA\u00a0\u00bb n\u00b076<\/a> !<\/p>\n<p><strong>Et de quoi \u00e7a avait l&rsquo;air vu de pr\u00e8s ?<\/strong><\/p>\n<p><a href=\"https:\/\/www.dropbox.com\/sh\/lu1krq02myfm15t\/AAB-8Hfb4O9Spn7AHdR9qYmVa?dl=0\" target=\"_blank\" rel=\"noopener noreferrer\">Clic sur les photos pour voir l&rsquo;EREA d&rsquo;avant de pr\u00e8s<\/a>\u00a0:<\/p>\n<p><a href=\"https:\/\/www.dropbox.com\/sh\/lu1krq02myfm15t\/AAB-8Hfb4O9Spn7AHdR9qYmVa?dl=0\" target=\"_blank\" rel=\"noopener noreferrer\"><img decoding=\"async\" src=\"https:\/\/www.erea86.fr\/old\/img\/Nicolas_Faure\/PRESENTATION\/EREA_1970_0.jpg\" alt=\"\" \/><\/a><\/p>\n<p><a href=\"https:\/\/goo.gl\/maps\/tnebRC8jS7y\" target=\"_blank\" rel=\"noopener noreferrer\" data-cke-saved-href=\"https:\/\/www.google.fr\/maps\/place\/EREA+Anne+FRANK\/@46.566042,0.3984585,201a,20y,262.87h,62.31t\/data=!3m1!1e3!4m2!3m1!1s0x47fdbecd0d9335bd:0x464c4b6068bd883f?hl=fr\">Aujourd&rsquo;hui (voir dans Google Maps) :<\/a><br \/>\nFaire varier l&rsquo;angle de vue avec clic gauche enfonc\u00e9 + maj+ monter ou descendre la souris.<\/p>\n<p><a href=\"https:\/\/goo.gl\/maps\/tnebRC8jS7y\" target=\"_blank\" rel=\"noopener noreferrer\"><img decoding=\"async\" src=\"https:\/\/www.erea86.fr\/old\/img\/Nicolas_Faure\/PRESENTATION\/EREA_2014.jpg\" alt=\"\" \/><\/a><\/p>\n<p>Comme disait un ancien \u00e9l\u00e8ve : \u00ab\u00a0<em>Alors avant, on voyait en noir et blanc<\/em>\u00a0\u00bb ?\u00a0 \ud83d\ude42<\/p>\n<p><img loading=\"lazy\" decoding=\"async\" class=\"aligncenter\" src=\"https:\/\/www.erea86.fr\/version2\/wp-content\/uploads\/nicolasfaure\/site\/EREA1970.png\" alt=\"l'EREA dans les ann\u00e9es 1970\" width=\"626\" height=\"483\" \/><\/p>\n<p style=\"text-align: right;\">Nicolas FAURE<\/p>\n","protected":false},"excerpt":{"rendered":"<p>L&rsquo;EREA, il y a 55 ans Quand l&rsquo;EREA s&rsquo;appelait ENP (Etablissement National de Perfectionnement), qu&rsquo;il n&rsquo;y avait que des filles et que son n\u00b0 de&hellip;&nbsp;<a href=\"https:\/\/www.erea86.fr\/version2\/historique-48-ans-erea\/\" class=\"more-link\">Lire la suite<\/a><\/p>\n","protected":false},"author":1,"featured_media":0,"parent":0,"menu_order":0,"comment_status":"closed","ping_status":"closed","template":"","meta":{"_bbp_topic_count":0,"_bbp_reply_count":0,"_bbp_total_topic_count":0,"_bbp_total_reply_count":0,"_bbp_voice_count":0,"_bbp_anonymous_reply_count":0,"_bbp_topic_count_hidden":0,"_bbp_reply_count_hidden":0,"_bbp_forum_subforum_count":0,"footnotes":""},"class_list":["post-3230","page","type-page","status-publish","hentry"],"_links":{"self":[{"href":"https:\/\/www.erea86.fr\/version2\/wp-json\/wp\/v2\/pages\/3230","targetHints":{"allow":["GET"]}}],"collection":[{"href":"https:\/\/www.erea86.fr\/version2\/wp-json\/wp\/v2\/pages"}],"about":[{"href":"https:\/\/www.erea86.fr\/version2\/wp-json\/wp\/v2\/types\/page"}],"author":[{"embeddable":true,"href":"https:\/\/www.erea86.fr\/version2\/wp-json\/wp\/v2\/users\/1"}],"replies":[{"embeddable":true,"href":"https:\/\/www.erea86.fr\/version2\/wp-json\/wp\/v2\/comments?post=3230"}],"version-history":[{"count":10,"href":"https:\/\/www.erea86.fr\/version2\/wp-json\/wp\/v2\/pages\/3230\/revisions"}],"predecessor-version":[{"id":22109,"href":"https:\/\/www.erea86.fr\/version2\/wp-json\/wp\/v2\/pages\/3230\/revisions\/22109"}],"wp:attachment":[{"href":"https:\/\/www.erea86.fr\/version2\/wp-json\/wp\/v2\/media?parent=3230"}],"curies":[{"name":"wp","href":"https:\/\/api.w.org\/{rel}","templated":true}]}}