{"id":3226,"date":"2018-11-26T10:27:37","date_gmt":"2018-11-26T09:27:37","guid":{"rendered":"https:\/\/www.erea86.fr\/version2\/?page_id=3226"},"modified":"2018-12-17T13:02:29","modified_gmt":"2018-12-17T12:02:29","slug":"charte-tice","status":"publish","type":"page","link":"https:\/\/www.erea86.fr\/version2\/charte-tice\/","title":{"rendered":"Charte TICE"},"content":{"rendered":"\n<p><em><strong><a rel=\"noreferrer noopener\" href=\"http:\/\/fr.wikipedia.org\/wiki\/Technologies_de_l%27information_et_de_la_communication_pour_l%27%C3%A9ducation\" target=\"_blank\">T.I.C.E<\/a> : T<\/strong>echnologies de l&rsquo;<strong>I<\/strong>nformation et de la <strong>C<\/strong>ommunication pour l&rsquo;<strong>E<\/strong>ducation <\/em><br><br><strong>CHARTE DES UTILISATEURS DE L\u2019INFORMATIQUE PEDAGOGIQUE A L\u2019EREA ANNE FRANK<\/strong><br><strong>La pr\u00e9sente charte a pour objet de d\u00e9finir les r\u00e8gles d\u2019utilisation des moyens et syst\u00e8mes informatiques \u00e0 usage p\u00e9dagogique dans notre \u00e9tablissement. L&rsquo;acc\u00e8s \u00e0 ces moyens est soumis \u00e0 l&rsquo;acceptation de cette charte.<\/strong><\/p>\n\n\n\n<p class=\"has-medium-font-size\"><strong><br><\/strong><em><strong>1. RESPECT DE LA LEGISLATION<\/strong><\/em><strong>\t<\/strong><\/p>\n\n\n\n<p>Sont interdits :<\/p>\n\n\n\n<ul class=\"wp-block-list\"><li>\n\t\tl&rsquo;atteinte \u00e0 la vie priv\u00e9e d&rsquo;autrui,<\/li><li>\n\t\tla diffamation et les injures,<\/li><li>\n\t\tla copie et\/ou le d\u00e9p\u00f4t sur le r\u00e9seau d&rsquo;oeuvres ill\u00e9galement acquises (musique, vid\u00e9o, logiciels commerciaux,&#8230;)<\/li><\/ul>\n\n\n\n<p class=\"has-medium-font-size\"><em><strong>2. CONDITIONS D\u2019ACCES AUX MOYENSINFORMATIQUES DU LYCEE<\/strong><\/em><\/p>\n\n\n\n<ul class=\"wp-block-list\"><li>\n\t\tChaque utilisateur doit avoir un login (ou identifiant) et un mot de passe qu\u2019il ne doit pas divulguer.<\/li><li>\n\t\tLe mot de passe donne acc\u00e8s \u00e0 un espace\n r\u00e9serv\u00e9. Cet espace n&rsquo;est toutefois pas priv\u00e9 : il pourra y \u00eatre fait \nacc\u00e8s \u00e0 des fins de maintenance ou dans un souci de protection des \n\u00e9l\u00e8ves, et notamment des mineurs.<\/li><li>\n\t\tSi l\u2019utilisateur rencontre un probl\u00e8me \nde connexion lors de l\u2019ouverture d\u2019une session, il devra informer son \nprofesseur ou son \u00e9ducateur.<\/li><li>\n\t\tChaque utilisateur est responsable de son espace de travail sur le serveur.<\/li><li>\n\t\tL\u2019utilisateur ne devra en aucun cas :\n\t\t<ul><li>\n\t\t\t\tChercher \u00e0 acc\u00e9der \u00e0 des informations ne lui appartenant pas sans autorisation<\/li><li>\n\t\t\t\tModifier ou d\u00e9truire des informations ne lui appartenant pas<\/li><li>\n\t\t\t\tPorter atteinte \u00e0 l\u2019int\u00e9grit\u00e9 d\u2019un autre utilisateur ou \u00e0 sa sensibilit\u00e9<\/li><\/ul>\n\t<\/li><li>\n\t\tIl est interdit d\u2019effectuer des op\u00e9rations qui pourraient nuire au fonctionnement du r\u00e9seau de l\u2019EREA.<\/li><\/ul>\n\n\n\n<p class=\"has-medium-font-size\"><em><strong>3. RESPECT DE LA DEONTOLOGIE INFORMATIQUE <\/strong><\/em><\/p>\n\n\n\n<ul class=\"wp-block-list\"><li>\n\t\tL\u2019utilisation du r\u00e9seau se fait avec l\u2019accord des personnes responsables.<\/li><li>\n\t\tL\u2019utilisateur doit obligatoirement se \nconnecter avec son nom d\u2019utilisateur donn\u00e9 en d\u00e9but d\u2019ann\u00e9e scolaire et \nn&rsquo;utiliser que ce nom.<\/li><li>\n\t\t&nbsp;La\n consultation des sites incitant \u00e0 la violence, au racisme, \u00e0 des \npratiques douteuses ou illicites ou \u00e0 caract\u00e8re pornographique est \ninterdite.<\/li><li>\n\t\tIl est interdit de t\u00e9l\u00e9charger ou \nd\u2019installer des logiciels sans en avoir pr\u00e9alablement demand\u00e9 \nl\u2019autorisation \u00e0 l&rsquo;ATPR (Samia VEDOVATI) ou aux RUPN (Nicolas FAURE et \nArnaud ROQUET) qui constituent le service TICE.<\/li><\/ul>\n\n\n\n<p class=\"has-medium-font-size\"><em><strong>4. UTILISATION EQUITABLE DES MOYENS INFORMATIQUES<\/strong><\/em><\/p>\n\n\n\n<ul class=\"wp-block-list\"><li>\n\t\tChaque utilisateur s\u2019engage \u00e0 prendre \nsoin du mat\u00e9riel et des locaux informatiques mis \u00e0 sa disposition. Il \ndoit informer le professeur, l\u2019\u00e9ducateur ou l\u2019ATP de toute anomalie \nconstat\u00e9e.<\/li><li>\n\t\tL\u2019usage des clefs USB pour importer des documents depuis l\u2019ext\u00e9rieur doit \u00eatre soumis \u00e0 autorisation de l\u2019adulte.<\/li><li>\n\t\tPour des raisons de co\u00fbt, les impressions se font uniquement sur autorisation d\u2019un enseignant.<\/li><\/ul>\n\n\n\n<p class=\"has-medium-font-size\"><em><strong>5. CREATION ET UTILISATION D&rsquo;UN COMPTE DE MESSAGERIE ELECTRONIQUE<\/strong><\/em>\t&nbsp;\t<\/p>\n\n\n\n<p>Chaque \u00e9l\u00e8ve pourra b\u00e9n\u00e9ficier d\u2019une adresse \u00e9lectronique de la forme <em>prenom.nom@laposte.net<\/em> cr\u00e9\u00e9e en partenariat avec la poste. Il appartient a chacun d\u2019en faire un usage qui respecte cette charte. N\u2019exer\u00e7ant aucun contr\u00f4le sur ce compte de messagerie, l\u2019EREA ne saurait \u00eatre tenu pour responsable de l\u2019usage qui pourrait en \u00eatre fait hors du cadre strictement scolaire.\t&nbsp;<\/p>\n\n\n\n<p class=\"has-medium-font-size\"><strong>\t<\/strong><em><strong>6. UTILISATION DU \u00ab CHAT \u00bb<\/strong><\/em><strong>\t&nbsp;\t<\/strong><\/p>\n\n\n\n<p>Le \u00ab chat \u00bb ou l&rsquo;usage des messageries instantan\u00e9es sont soumis \u00e0 l&rsquo;accord de l&rsquo;adulte et ne peuvent se pratiquer que sous sa surveillance.<\/p>\n\n\n\n<p style=\"text-align:center\"><br>\t\u00a0\t\u00a0\t***\t\u00a0\t<\/p>\n\n\n\n<p style=\"text-align:left\">La Charte ne se substituant pas au r\u00e8glement int\u00e9rieur de l\u2019Etablissement, le non-respect des principes \u00e9tablis ou rappel\u00e9s par la Charte pourra donner lieu \u00e0 une limitation ou une suppression de l\u2019acc\u00e8s aux Services, \u00e0 des sanctions disciplinaires pr\u00e9vues dans les r\u00e8glements en vigueur de l\u2019\u00e9ducation nationale et de l\u2019Etablissement, \u00e0 des sanctions p\u00e9nales pr\u00e9vues par les lois en vigueur.\t\u00a0\t<\/p>\n\n\n\n<p><strong>En signant cette charte, l&rsquo;utilisateur s&rsquo;engage \u00e0 la respecter.<\/strong><\/p>\n\n\n\n<p><br><em>Le comit\u00e9 de pilotage des <strong>T<\/strong>echnologies de l&rsquo;<strong>I<\/strong>nformation et de la <strong>C<\/strong>ommunication pour l&rsquo;<strong>E<\/strong>ducation <strong><a rel=\"noreferrer noopener\" href=\"http:\/\/fr.wikipedia.org\/wiki\/Technologies_de_l'information_et_de_la_communication_pour_l'%C3%A9ducation\" target=\"_blank\">(T.I.C.E)<\/a><\/strong><\/em><\/p>\n","protected":false},"excerpt":{"rendered":"<p>T.I.C.E : Technologies de l&rsquo;Information et de la Communication pour l&rsquo;Education CHARTE DES UTILISATEURS DE L\u2019INFORMATIQUE PEDAGOGIQUE A L\u2019EREA ANNE FRANKLa pr\u00e9sente charte a pour&hellip;&nbsp;<a href=\"https:\/\/www.erea86.fr\/version2\/charte-tice\/\" class=\"more-link\">Lire la suite<\/a><\/p>\n","protected":false},"author":1,"featured_media":0,"parent":0,"menu_order":0,"comment_status":"closed","ping_status":"closed","template":"","meta":{"_bbp_topic_count":0,"_bbp_reply_count":0,"_bbp_total_topic_count":0,"_bbp_total_reply_count":0,"_bbp_voice_count":0,"_bbp_anonymous_reply_count":0,"_bbp_topic_count_hidden":0,"_bbp_reply_count_hidden":0,"_bbp_forum_subforum_count":0,"footnotes":""},"class_list":["post-3226","page","type-page","status-publish","hentry"],"_links":{"self":[{"href":"https:\/\/www.erea86.fr\/version2\/wp-json\/wp\/v2\/pages\/3226","targetHints":{"allow":["GET"]}}],"collection":[{"href":"https:\/\/www.erea86.fr\/version2\/wp-json\/wp\/v2\/pages"}],"about":[{"href":"https:\/\/www.erea86.fr\/version2\/wp-json\/wp\/v2\/types\/page"}],"author":[{"embeddable":true,"href":"https:\/\/www.erea86.fr\/version2\/wp-json\/wp\/v2\/users\/1"}],"replies":[{"embeddable":true,"href":"https:\/\/www.erea86.fr\/version2\/wp-json\/wp\/v2\/comments?post=3226"}],"version-history":[{"count":0,"href":"https:\/\/www.erea86.fr\/version2\/wp-json\/wp\/v2\/pages\/3226\/revisions"}],"wp:attachment":[{"href":"https:\/\/www.erea86.fr\/version2\/wp-json\/wp\/v2\/media?parent=3226"}],"curies":[{"name":"wp","href":"https:\/\/api.w.org\/{rel}","templated":true}]}}