{"id":3162,"date":"2018-11-26T10:21:48","date_gmt":"2018-11-26T09:21:48","guid":{"rendered":"https:\/\/www.erea86.fr\/version2\/?page_id=3162"},"modified":"2021-04-08T11:32:58","modified_gmt":"2021-04-08T09:32:58","slug":"la-cop","status":"publish","type":"page","link":"https:\/\/www.erea86.fr\/version2\/la-cop\/","title":{"rendered":"Le PSY E.N"},"content":{"rendered":"\n<p><strong>Arnaud ZYLINSKI<\/strong><br> <br><strong>Psychologue de l\u2019\u00c9ducation Nationale, \u00e9ducation, d\u00e9veloppement, conseil en orientation scolaire et professionnelle<\/strong>, intervient \u00e0 l&rsquo;EREA les <strong>mardis pairs*<\/strong>(semaines X) de <strong>9h00 \u00e0 12h30 et de 13h30 \u00e0 17h.<\/strong> .<br><strong>*<\/strong>Le n\u00b0 de semaine est affich\u00e9 dans le <a href=\"http:\/\/calendrier public\">calendrier en ligne le lundi<\/a>. La semaine X ou Y est aussi indiqu\u00e9e. &nbsp;<br>Prendre contact avec l&rsquo;\u00e9tablissement : <strong>05 49 00 27 27 ou<\/strong> <em>M&rsquo;\u00e9crire par<a href=\"https:\/\/www.erea86.fr\/#colophon\"> le formulaire de contact<\/a><\/em><\/p>\n\n\n\n<p>Mes permanences au CIO de Montmorillon sont les mardis  en semaine Y et les mercredis de 9h30 \u00e0 17h. Vous pouvez m&rsquo;y joindre au  05 49 91 15 49 .<\/p>\n\n\n\n<p><a rel=\"noreferrer noopener\" href=\"http:\/\/ww3.ac-poitiers.fr\/cio\/poitiers\/veniraucio.htm\" target=\"_blank\">Le site du C.I.O acad\u00e9mique<\/a><\/p>\n\n\n\n<p>N&rsquo;h\u00e9sitez pas \u00e0 consulter l&rsquo;actualit\u00e9 de l&rsquo;insertion et la rubrique Insertion pro dans Classes dans le menu Classes puis Orientation \/ Insertion Professionnelle.<\/p>\n","protected":false},"excerpt":{"rendered":"<p>Arnaud ZYLINSKI Psychologue de l\u2019\u00c9ducation Nationale, \u00e9ducation, d\u00e9veloppement, conseil en orientation scolaire et professionnelle, intervient \u00e0 l&rsquo;EREA les mardis pairs*(semaines X) de 9h00 \u00e0 12h30&hellip;&nbsp;<a href=\"https:\/\/www.erea86.fr\/version2\/la-cop\/\" class=\"more-link\">Lire la suite<\/a><\/p>\n","protected":false},"author":1,"featured_media":0,"parent":0,"menu_order":0,"comment_status":"closed","ping_status":"closed","template":"","meta":{"_bbp_topic_count":0,"_bbp_reply_count":0,"_bbp_total_topic_count":0,"_bbp_total_reply_count":0,"_bbp_voice_count":0,"_bbp_anonymous_reply_count":0,"_bbp_topic_count_hidden":0,"_bbp_reply_count_hidden":0,"_bbp_forum_subforum_count":0,"footnotes":""},"class_list":["post-3162","page","type-page","status-publish","hentry"],"_links":{"self":[{"href":"https:\/\/www.erea86.fr\/version2\/wp-json\/wp\/v2\/pages\/3162","targetHints":{"allow":["GET"]}}],"collection":[{"href":"https:\/\/www.erea86.fr\/version2\/wp-json\/wp\/v2\/pages"}],"about":[{"href":"https:\/\/www.erea86.fr\/version2\/wp-json\/wp\/v2\/types\/page"}],"author":[{"embeddable":true,"href":"https:\/\/www.erea86.fr\/version2\/wp-json\/wp\/v2\/users\/1"}],"replies":[{"embeddable":true,"href":"https:\/\/www.erea86.fr\/version2\/wp-json\/wp\/v2\/comments?post=3162"}],"version-history":[{"count":0,"href":"https:\/\/www.erea86.fr\/version2\/wp-json\/wp\/v2\/pages\/3162\/revisions"}],"wp:attachment":[{"href":"https:\/\/www.erea86.fr\/version2\/wp-json\/wp\/v2\/media?parent=3162"}],"curies":[{"name":"wp","href":"https:\/\/api.w.org\/{rel}","templated":true}]}}