{"id":3155,"date":"2018-11-26T10:20:26","date_gmt":"2018-11-26T09:20:26","guid":{"rendered":"https:\/\/www.erea86.fr\/version2\/?page_id=3155"},"modified":"2024-09-03T14:30:59","modified_gmt":"2024-09-03T12:30:59","slug":"le-medico-social","status":"publish","type":"page","link":"https:\/\/www.erea86.fr\/version2\/le-medico-social\/","title":{"rendered":"L&rsquo;\u00e9quipe m\u00e9dico-sociale"},"content":{"rendered":"<hr class=\"wp-block-separator\" \/>\r\n\r\n\r\n<p><strong>MANET Charlotte et LISON Wilfrid : Les i<\/strong><b>nfirmier-e-s<\/b><\/p>\r\n\r\n\r\n\r\n<p>Vous pouvez venir \u00e0 l&rsquo;infirmerie lors de nos permanences ou nous contacter.<br \/><a href=\"https:\/\/www.erea86.fr\/version2\/letablissement-presentation\/le-medico-social\/permanences-infirmieres\/\">Voir ici le calendrier de permanence<\/a>.<br \/><br \/><em>Nous \u00e9crire par<a href=\"https:\/\/www.erea86.fr\/#colophon\"> le formulaire de contact<\/a> (en bas de la page).<\/em><\/p>\r\n\r\n\r\n<hr class=\"wp-block-separator\" \/>\r\n\r\n\r\n<p><strong>POUET Peggy : Assistante sociale<\/strong><\/p>\r\n\r\n\r\n\r\n<p>Permanences :<\/p>\r\n\r\n\r\n\r\n<ul class=\"wp-block-list\">\r\n<li><strong>Passez me voir dans mon bureau, prenez rendez-vous au 05 49 00 27 27<\/strong><\/li>\r\n<\/ul>\r\n<p><em>M&rsquo;\u00e9crire par<a href=\"https:\/\/www.erea86.fr\/#colophon\"> le formulaire de contact<\/a> (en bas de la page).<\/em><\/p>\r\n\r\n\r\n<hr class=\"wp-block-separator\" \/>\r\n\r\n\r\n<p><strong>LAFOY Emilie : Psychologue clinicienne.<\/strong><\/p>\r\n\r\n\r\n\r\n<ul class=\"wp-block-list\">\r\n<li>Je suis pr\u00e9sente \u00e0 l\u2019EREA le mardi de 8h15 \u00e0 18h15, et mon bureau est derri\u00e8re l\u2019infirmerie. Vous pouvez me solliciter par l\u2019interm\u00e9diaire du personnel de l\u2019\u00e9tablissement (professeurs, infirmerie, assistante sociale\u2026), m\u2019appeler \u00e0 l\u2019EREA le mardi, me joindre par le formulaire de contact\u00a0ou encore passer par Pronote. Vous pouvez \u00e9galement laisser vos coordonn\u00e9es \u00e0 l\u2019accueil (05.49.00.27.27), afin que je puisse vous recontacter d\u00e8s que possible.<\/li>\r\n<\/ul>\r\n<p><em>M&rsquo;\u00e9crire par<a href=\"https:\/\/www.erea86.fr\/#colophon\"> le formulaire de contact<\/a> (en bas de la page).<\/em><\/p>\r\n\r\n\r\n<hr class=\"wp-block-separator\" \/>\r\n\r\n\r\n<p><strong>Arnaud ZYLINSKI<\/strong> : <strong>Psychologue de l\u2019\u00c9ducation Nationale, \u00e9ducation, d\u00e9veloppement, conseil en orientation scolaire et professionnelle<\/strong><\/p>\r\n<ul>\r\n<li>J&rsquo;interviens \u00e0 l&rsquo;EREA les <strong>mardis pairs* <\/strong>(semaines Y) de <strong>9h00 \u00e0 12h30 et de 13h30 \u00e0 17h.<\/strong> .<br data-rich-text-line-break=\"true\" \/><span style=\"font-size: 14px;\"><strong>*<\/strong>Le n\u00b0 de semaine est affich\u00e9 dans le <a href=\"https:\/\/calendar.google.com\/calendar\/embed?title=Tous%20nos%20calendriers&amp;height=600&amp;wkst=2&amp;bgcolor=%23FFFFFF&amp;src=nifousptbn5c3v49cig28cq18g%40group.calendar.google.com&amp;color=%231B887A&amp;src=6so3c48c0pj88mu21canf70i20%40group.calendar.google.com&amp;color=%23875509&amp;src=fr.french%23holiday%40group.v.calendar.google.com&amp;color=%230F4B38&amp;src=ht3jlfaac5lfd6263ulfh4tql8%40group.calendar.google.com&amp;color=%231B887A&amp;src=heo9o1gq5abi4dtvq73ka5tdtg%40group.calendar.google.com&amp;color=%23865A5A&amp;src=pvj50lna8t0f2j21cv4t20eb4s%40group.calendar.google.com&amp;color=%2323164E&amp;src=ipbthvtet6uuamv0hia6i17804%40group.calendar.google.com&amp;color=%232952A3&amp;src=dq6lqobqaf1hk2nnptmrbr7m0g%40group.calendar.google.com&amp;color=%23711616&amp;src=p%23weather%40group.v.calendar.google.com&amp;color=%231B887A&amp;src=p%23weeknum%40group.v.calendar.google.com&amp;color=%23875509&amp;src=8omo37bun3775ck03m3hobrs04%40group.calendar.google.com&amp;color=%232952A3&amp;ctz=Europe%2FParis\" target=\"_blank\" rel=\"noopener noreferrer\">calendrier en ligne le lundi<\/a>. La semaine X ou Y est aussi indiqu\u00e9e.<\/span> \u00a0<\/li>\r\n<\/ul>\r\n<p>Prendre contact avec l&rsquo;\u00e9tablissement : <strong>05 49 00 27 27 ou <\/strong><em>m&rsquo;\u00e9crire par<a href=\"https:\/\/www.erea86.fr\/#colophon\"> le formulaire de contact<\/a> (en bas de la page).<\/em><\/p>\r\n<hr \/>\r\n<p><strong>Claire FEGUEUR Claire : M\u00e9decin scolaire<\/strong><\/p>\r\n\r\n\r\n\r\n<p>Permanences :<\/p>\r\n\r\n\r\n\r\n<ul class=\"wp-block-list\">\r\n<li><strong>JEUDI<\/strong><\/li>\r\n<\/ul>\r\n<p>Prendre rendez-vous aupr\u00e8s des infirmi\u00e8res : 05.49.00.27.27 ou par <em><a href=\"https:\/\/www.erea86.fr\/#colophon\"> le formulaire de contact<\/a> (en bas de la page).<\/em><\/p>\r\n\r\n\r\n\r\n<p><strong>Eric BERTHEUIL : m\u00e9decin de l&rsquo;\u00e9tablissement.<\/strong><\/p>\r\n","protected":false},"excerpt":{"rendered":"<p>MANET Charlotte et LISON Wilfrid : Les infirmier-e-s Vous pouvez venir \u00e0 l&rsquo;infirmerie lors de nos permanences ou nous contacter.Voir ici le calendrier de permanence.&hellip;&nbsp;<a href=\"https:\/\/www.erea86.fr\/version2\/le-medico-social\/\" class=\"more-link\">Lire la suite<\/a><\/p>\n","protected":false},"author":1,"featured_media":0,"parent":0,"menu_order":0,"comment_status":"closed","ping_status":"closed","template":"","meta":{"_bbp_topic_count":0,"_bbp_reply_count":0,"_bbp_total_topic_count":0,"_bbp_total_reply_count":0,"_bbp_voice_count":0,"_bbp_anonymous_reply_count":0,"_bbp_topic_count_hidden":0,"_bbp_reply_count_hidden":0,"_bbp_forum_subforum_count":0,"footnotes":""},"class_list":["post-3155","page","type-page","status-publish","hentry"],"_links":{"self":[{"href":"https:\/\/www.erea86.fr\/version2\/wp-json\/wp\/v2\/pages\/3155","targetHints":{"allow":["GET"]}}],"collection":[{"href":"https:\/\/www.erea86.fr\/version2\/wp-json\/wp\/v2\/pages"}],"about":[{"href":"https:\/\/www.erea86.fr\/version2\/wp-json\/wp\/v2\/types\/page"}],"author":[{"embeddable":true,"href":"https:\/\/www.erea86.fr\/version2\/wp-json\/wp\/v2\/users\/1"}],"replies":[{"embeddable":true,"href":"https:\/\/www.erea86.fr\/version2\/wp-json\/wp\/v2\/comments?post=3155"}],"version-history":[{"count":3,"href":"https:\/\/www.erea86.fr\/version2\/wp-json\/wp\/v2\/pages\/3155\/revisions"}],"predecessor-version":[{"id":21733,"href":"https:\/\/www.erea86.fr\/version2\/wp-json\/wp\/v2\/pages\/3155\/revisions\/21733"}],"wp:attachment":[{"href":"https:\/\/www.erea86.fr\/version2\/wp-json\/wp\/v2\/media?parent=3155"}],"curies":[{"name":"wp","href":"https:\/\/api.w.org\/{rel}","templated":true}]}}