{"id":310,"date":"2018-11-19T15:52:04","date_gmt":"2018-11-19T14:52:04","guid":{"rendered":"https:\/\/www.erea86.fr\/version2\/?page_id=310"},"modified":"2021-10-01T12:01:38","modified_gmt":"2021-10-01T10:01:38","slug":"la-scolarite-2","status":"publish","type":"page","link":"https:\/\/www.erea86.fr\/version2\/caracteristique-de-lerea\/la-scolarite-2\/","title":{"rendered":"La scolarit\u00e9"},"content":{"rendered":"\n<hr class=\"wp-block-separator\"\/>\n\n\n\n<p class=\"has-medium-font-size\">L&rsquo;E.R.E.A scolarise les \u00e9l\u00e8ves dans des classes de type coll\u00e8ge et lyc\u00e9e.   <\/p>\n\n\n\n<p><strong>Classes de type \u00ab\u00a0coll\u00e8ge\u00a0\u00bb :<\/strong><\/p>\n\n\n\n<ul class=\"wp-block-list\"><li><strong>6\u00e8me: cycle d&rsquo;observation<\/strong><\/li><li><strong>5\u00e8me, 4\u00e8me: cycle central<\/strong><\/li><li><strong>3\u00e8me: cycle d&rsquo;orientation<\/strong><\/li><\/ul>\n\n\n\n<p class=\"has-text-align-left\">Un enseignement  technologique adapt\u00e9 s&rsquo;appuyant sur un champ professionnel d\u00e9bute en  classe de 4\u00e8me. L&rsquo;enseignement pr\u00e9- professionnel d\u00e9bute en classe de  3\u00e8me.<br>A l&rsquo;issue de la classe de 3\u00e8me, les \u00e9l\u00e8ves pr\u00e9sentent le Certificat de  Formation G\u00e9n\u00e9rale (C.F.G.) et sont orient\u00e9s vers une formation  qualifiante soit par la voie de l&rsquo;apprentissage soit par la poursuite  d&rsquo;\u00e9tude en lyc\u00e9e professionnel ou \u00e0 l&rsquo;EREA.<\/p>\n\n\n\n<hr class=\"wp-block-separator\"\/>\n\n\n\n<p><strong>Classes de type \u00ab\u00a0lyc\u00e9e\u00a0\u00bb :<\/strong><\/p>\n\n\n\n<ul class=\"wp-block-list\"><li><strong>1er ann\u00e9e de CAP<\/strong><\/li><li> <strong>2e ann\u00e9e de CAP<\/strong> <\/li><\/ul>\n\n\n\n<p>Assistant Technique en Milieu Familial et Collectif avec des ateliers de:<\/p>\n\n\n\n<div class=\"wp-block-media-text alignwide has-media-on-the-right is-stacked-on-mobile\"><figure class=\"wp-block-media-text__media\"><img loading=\"lazy\" decoding=\"async\" width=\"800\" height=\"600\" src=\"https:\/\/www.erea86.fr\/version2\/wp-content\/uploads\/2018\/12\/cuisine.jpg\" alt=\"\" class=\"wp-image-5731 size-full\" srcset=\"https:\/\/www.erea86.fr\/version2\/wp-content\/uploads\/2018\/12\/cuisine.jpg 800w, https:\/\/www.erea86.fr\/version2\/wp-content\/uploads\/2018\/12\/cuisine-300x225.jpg 300w, https:\/\/www.erea86.fr\/version2\/wp-content\/uploads\/2018\/12\/cuisine-768x576.jpg 768w\" sizes=\"auto, (max-width: 800px) 100vw, 800px\" \/><\/figure><div class=\"wp-block-media-text__content\">\n<ul class=\"wp-block-list\"><li> Cuisine de collectivit\u00e9 <\/li><li> Entretien des locaux <\/li><li> Entretien du linge <\/li><li> Aide \u00e0 domicile <\/li><\/ul>\n\n\n\n<p>Plus d&rsquo;information sur la page <a href=\"https:\/\/www.erea86.fr\/version2\/caracteristique-de-lerea\/les-formations\/\">Formation<\/a><\/p>\n<\/div><\/div>\n\n\n\n<p>Interventions en Maintenance Technique des B\u00e2timents avec des ateliers de:<\/p>\n\n\n\n<div class=\"wp-block-media-text alignwide has-media-on-the-right is-stacked-on-mobile\" style=\"grid-template-columns:auto 55%\"><figure class=\"wp-block-media-text__media\"><img loading=\"lazy\" decoding=\"async\" width=\"500\" height=\"375\" src=\"https:\/\/www.erea86.fr\/version2\/wp-content\/uploads\/2018\/12\/04.jpg\" alt=\"\" class=\"wp-image-5732 size-full\" srcset=\"https:\/\/www.erea86.fr\/version2\/wp-content\/uploads\/2018\/12\/04.jpg 500w, https:\/\/www.erea86.fr\/version2\/wp-content\/uploads\/2018\/12\/04-300x225.jpg 300w\" sizes=\"auto, (max-width: 500px) 100vw, 500px\" \/><\/figure><div class=\"wp-block-media-text__content\">\n<ul class=\"wp-block-list\"><li> Ma\u00e7onnerie<\/li><li>Gros \u0153uvre <\/li><li> Menuiserie <\/li><li> Installation sanitaire et thermique <\/li><li> Peinture, vitrerie, rev\u00eatements <\/li><li> \u00c9lectricit\u00e9<\/li><\/ul>\n\n\n\n<p>Plus d&rsquo;information sur la page <a href=\"https:\/\/www.erea86.fr\/version2\/caracteristique-de-lerea\/les-formations\/\">Formation<\/a><\/p>\n<\/div><\/div>\n","protected":false},"excerpt":{"rendered":"<p>L&rsquo;E.R.E.A scolarise les \u00e9l\u00e8ves dans des classes de type coll\u00e8ge et lyc\u00e9e. Classes de type \u00ab\u00a0coll\u00e8ge\u00a0\u00bb : 6\u00e8me: cycle d&rsquo;observation 5\u00e8me, 4\u00e8me: cycle central 3\u00e8me:&hellip;&nbsp;<a href=\"https:\/\/www.erea86.fr\/version2\/caracteristique-de-lerea\/la-scolarite-2\/\" class=\"more-link\">Lire la suite<\/a><\/p>\n","protected":false},"author":1,"featured_media":0,"parent":298,"menu_order":0,"comment_status":"closed","ping_status":"closed","template":"","meta":{"_bbp_topic_count":0,"_bbp_reply_count":0,"_bbp_total_topic_count":0,"_bbp_total_reply_count":0,"_bbp_voice_count":0,"_bbp_anonymous_reply_count":0,"_bbp_topic_count_hidden":0,"_bbp_reply_count_hidden":0,"_bbp_forum_subforum_count":0,"footnotes":""},"class_list":["post-310","page","type-page","status-publish","hentry"],"_links":{"self":[{"href":"https:\/\/www.erea86.fr\/version2\/wp-json\/wp\/v2\/pages\/310","targetHints":{"allow":["GET"]}}],"collection":[{"href":"https:\/\/www.erea86.fr\/version2\/wp-json\/wp\/v2\/pages"}],"about":[{"href":"https:\/\/www.erea86.fr\/version2\/wp-json\/wp\/v2\/types\/page"}],"author":[{"embeddable":true,"href":"https:\/\/www.erea86.fr\/version2\/wp-json\/wp\/v2\/users\/1"}],"replies":[{"embeddable":true,"href":"https:\/\/www.erea86.fr\/version2\/wp-json\/wp\/v2\/comments?post=310"}],"version-history":[{"count":1,"href":"https:\/\/www.erea86.fr\/version2\/wp-json\/wp\/v2\/pages\/310\/revisions"}],"predecessor-version":[{"id":14662,"href":"https:\/\/www.erea86.fr\/version2\/wp-json\/wp\/v2\/pages\/310\/revisions\/14662"}],"up":[{"embeddable":true,"href":"https:\/\/www.erea86.fr\/version2\/wp-json\/wp\/v2\/pages\/298"}],"wp:attachment":[{"href":"https:\/\/www.erea86.fr\/version2\/wp-json\/wp\/v2\/media?parent=310"}],"curies":[{"name":"wp","href":"https:\/\/api.w.org\/{rel}","templated":true}]}}