{"id":298,"date":"2018-11-19T15:22:33","date_gmt":"2018-11-19T14:22:33","guid":{"rendered":"https:\/\/www.erea86.fr\/version2\/?page_id=298"},"modified":"2023-05-18T19:08:10","modified_gmt":"2023-05-18T17:08:10","slug":"caracteristique-de-lerea","status":"publish","type":"page","link":"https:\/\/www.erea86.fr\/version2\/caracteristique-de-lerea\/","title":{"rendered":"Caract\u00e9ristiques de l&rsquo;EREA"},"content":{"rendered":"<hr class=\"wp-block-separator\" \/>\r\n<p style=\"text-align: center;\"><img loading=\"lazy\" decoding=\"async\" class=\"alignnone size-full wp-image-5688\" src=\"https:\/\/www.erea86.fr\/version2\/wp-content\/uploads\/icone\/enseigne.gif\" alt=\"\" width=\"163\" height=\"101\" \/><\/p>\r\n<p style=\"text-align: center;\">\u00a0<\/p>\r\n<p style=\"text-align: left;\"><em>L\u2019<strong>\u00c9<\/strong>tablissement <strong>R<\/strong>\u00e9gional d\u2019<strong>E<\/strong>nseignement <strong>A<\/strong>dapt\u00e9<\/em> re\u00e7oit des \u00e9l\u00e8ves de 12 \u00e0 16 ans pour la partie coll\u00e8ge, de plus de 16 ans pour la partie lyc\u00e9e et compte un total de 190 \u00e9l\u00e8ves. Les \u00e9l\u00e8ves de coll\u00e8ge sont affect\u00e9s par la Commission D\u00e9partementale d\u2019Orientation car ils ont rencontr\u00e9 des difficult\u00e9s au cours de leur scolarit\u00e9. Les \u00e9l\u00e8ves de lyc\u00e9e viennent \u00e0 l\u2019EREA pour les formations professionnelles qui y sont enseign\u00e9es.<\/p>\r\n<p>L\u2019EREA a des caract\u00e9ristiques qui lui sont propres :<\/p>\r\n<p>&nbsp;<\/p>\r\n<p><strong>UN ENSEIGNEMENT G\u00c9N\u00c9RAL ET PROFESSIONNEL<\/strong><\/p>\r\n<p>&nbsp;<\/p>\r\n<p>L\u2019EREA est un coll\u00e8ge \/ lyc\u00e9e. Les \u00e9l\u00e8ves y re\u00e7oivent un enseignement g\u00e9n\u00e9ral de la 6\u00e8 \u00e0 la 4\u00e8. A partir de la 3\u00e8, enseignement g\u00e9n\u00e9ral et pr\u00e9-professionnel cohabitent.<\/p>\r\n<p><u>Deux examens sanctionnent <a href=\"https:\/\/www.erea86.fr\/version2\/caracteristique-de-lerea\/la-scolarite-2\/\" target=\"_blank\" rel=\"noopener noreferrer\">la scolarit\u00e9<\/a> :<\/u><\/p>\r\n<ul>\r\n<li style=\"list-style-type: none;\">\r\n<ul>\r\n<li>Le C.F.G. (Certificat de Formation G\u00e9n\u00e9rale) en fin de 3\u00e8me<\/li>\r\n<li>Le C.A.P. (Certificat d\u2019Aptitude Professionnelle) \u00e0 la fin de deux ann\u00e9es en classes de C.A.P.<\/li>\r\n<\/ul>\r\n<\/li>\r\n<\/ul>\r\n<p><strong>DES EFFECTIFS RESTREINTS<\/strong><\/p>\r\n<p>Les classes sont \u00e0 effectif restreint : 17 \u00e9l\u00e8ves au maximum, 8 \u00e9l\u00e8ves en atelier professionnel.<\/p>\r\n<p><strong>UN INTERNAT \u00c9DUCATIF<\/strong><\/p>\r\n<p>L\u2019EREA dispose d\u2019un<a href=\"https:\/\/www.erea86.fr\/version2\/presentation-de-leducatif-internat\/\" target=\"_blank\" rel=\"noopener noreferrer\"> internat \u00e9ducatif<\/a> ouvert du lundi au vendredi. Les 106 \u00e9l\u00e8ves internes sont encadr\u00e9s par des enseignants qui assurent un r\u00f4le de soutien scolaire et de suivi individualis\u00e9. Ces enseignants interviennent en classe et proposent des activit\u00e9s \u00e9ducatives apr\u00e8s la classe.<\/p>\r\n<p><strong>DES SERVICES ADAPT\u00c9S<\/strong><\/p>\r\n<p>Une assistante sociale, une psychologue clinicienne, une infirmi\u00e8re et un infirmier\u00a0viennent compl\u00e9ter les caract\u00e9ristiques du dispositif propre \u00e0 l\u2019EREA.<\/p>\r\n\r\n<p>&nbsp;<\/p>\r\n","protected":false},"excerpt":{"rendered":"<p>\u00a0 L\u2019\u00c9tablissement R\u00e9gional d\u2019Enseignement Adapt\u00e9 re\u00e7oit des \u00e9l\u00e8ves de 12 \u00e0 16 ans pour la partie coll\u00e8ge, de plus de 16 ans pour la partie&hellip;&nbsp;<a href=\"https:\/\/www.erea86.fr\/version2\/caracteristique-de-lerea\/\" class=\"more-link\">Lire la suite<\/a><\/p>\n","protected":false},"author":1,"featured_media":0,"parent":0,"menu_order":0,"comment_status":"closed","ping_status":"closed","template":"","meta":{"_bbp_topic_count":0,"_bbp_reply_count":0,"_bbp_total_topic_count":0,"_bbp_total_reply_count":0,"_bbp_voice_count":0,"_bbp_anonymous_reply_count":0,"_bbp_topic_count_hidden":0,"_bbp_reply_count_hidden":0,"_bbp_forum_subforum_count":0,"footnotes":""},"class_list":["post-298","page","type-page","status-publish","hentry"],"_links":{"self":[{"href":"https:\/\/www.erea86.fr\/version2\/wp-json\/wp\/v2\/pages\/298","targetHints":{"allow":["GET"]}}],"collection":[{"href":"https:\/\/www.erea86.fr\/version2\/wp-json\/wp\/v2\/pages"}],"about":[{"href":"https:\/\/www.erea86.fr\/version2\/wp-json\/wp\/v2\/types\/page"}],"author":[{"embeddable":true,"href":"https:\/\/www.erea86.fr\/version2\/wp-json\/wp\/v2\/users\/1"}],"replies":[{"embeddable":true,"href":"https:\/\/www.erea86.fr\/version2\/wp-json\/wp\/v2\/comments?post=298"}],"version-history":[{"count":2,"href":"https:\/\/www.erea86.fr\/version2\/wp-json\/wp\/v2\/pages\/298\/revisions"}],"predecessor-version":[{"id":19933,"href":"https:\/\/www.erea86.fr\/version2\/wp-json\/wp\/v2\/pages\/298\/revisions\/19933"}],"wp:attachment":[{"href":"https:\/\/www.erea86.fr\/version2\/wp-json\/wp\/v2\/media?parent=298"}],"curies":[{"name":"wp","href":"https:\/\/api.w.org\/{rel}","templated":true}]}}