{"id":19936,"date":"2023-05-22T14:10:23","date_gmt":"2023-05-22T12:10:23","guid":{"rendered":"https:\/\/www.erea86.fr\/version2\/?page_id=19936"},"modified":"2025-02-03T16:05:50","modified_gmt":"2025-02-03T15:05:50","slug":"cap-agent-de-proprete-et-dhygiene","status":"publish","type":"page","link":"https:\/\/www.erea86.fr\/version2\/cap-agent-de-proprete-et-dhygiene\/","title":{"rendered":"CAP Propret\u00e9 et Pr\u00e9vention des Biocontaminations"},"content":{"rendered":"<h2>Certificat d\u2019Aptitude Professionnelle Propret\u00e9 et Pr\u00e9vention des Biocontaminations<\/h2>\n<p>&nbsp;<\/p>\n<h4><strong>D\u00e9finition de l\u2019emploi <\/strong><\/h4>\n<p>Le titulaire du <em>CAP Propret\u00e9 et Pr\u00e9vention des Biocontaminations<\/em>\u00a0est un professionnel qualifi\u00e9 qui exerce des op\u00e9rations de propret\u00e9 et d\u2019hygi\u00e8ne des locaux et des \u00e9quipements :<\/p>\n<ul>\n<li>pour les entreprises de propret\u00e9,<\/li>\n<li>pour les services techniques des structures collectives publiques ou priv\u00e9es.<\/li>\n<\/ul>\n<p>Par ces activit\u00e9s, il contribue,\u00a0dans le respect des r\u00e8gles du savoir-\u00eatre (courtoisie, discr\u00e9tion\u2026) :<\/p>\n<ul>\n<li>\u00e0 l\u2019hygi\u00e8ne des lieux et au confort des personnes dans leurs activit\u00e9s de travail, de loisirs\u2026,<\/li>\n<li>au confort des patients dans les \u00e9tablissements de soins et m\u00e9dico-sociaux,<\/li>\n<li>\u00e0 la qualit\u00e9 de la production dans les entreprises agro-alimentaires, cosm\u00e9tiques\u2026<\/li>\n<\/ul>\n<h4><strong>Secteurs professionnels<\/strong><\/h4>\n<p>Le titulaire du <em>CAP<\/em> <em>Propret\u00e9 et Pr\u00e9vention des Biocontaminations<\/em>\u00a0exerce ses activit\u00e9s principalement dans les secteurs publics ou priv\u00e9s suivants\u00a0:<\/p>\n<ul>\n<li>entreprises ou services commerciaux, administratifs, industriels, sportifs, culturels, transports collectifs\u2026,<\/li>\n<li>collectivit\u00e9s\u00a0: \u00e9tablissements scolaires, logements collectifs\u2026,<\/li>\n<li>\u00e9tablissements de soins, m\u00e9dico-sociaux, de baln\u00e9oth\u00e9rapie, laboratoires, cliniques v\u00e9t\u00e9rinaires, \u2026,<\/li>\n<li>entreprises \u00e0 contraintes de contaminations biologiques : industries agroalimentaires, cosm\u00e9tiques,\u2026<\/li>\n<\/ul>\n<h4><strong>Fonctions<\/strong><\/h4>\n<p>Dans l\u2019exercice de sa profession, le titulaire du <em>CAP<\/em><em> Propret\u00e9 et Pr\u00e9vention des Biocontaminations<\/em>\u00a0est amen\u00e9 \u00e0\u00a0exercer des activit\u00e9s qui peuvent \u00eatre class\u00e9es en 4 fonctions :<\/p>\n<p><strong>\u00a0 \u00a0 \u00a0 \u00a0 \u00a0&#8211; Pr\u00e9paration de l\u2019activit\u00e9<\/strong><\/p>\n<p>Prise en compte de la commande, des protocoles, des proc\u00e9dures, fiches de postes, planning, plan de pr\u00e9vention\u2026<\/p>\n<p>R\u00e9alisation de l\u2019\u00e9tat des lieux<\/p>\n<p>Organisation de son activit\u00e9<\/p>\n<p><strong>\u00a0 \u00a0 \u00a0 \u00a0 \u00a0 &#8211; Mise en \u0153uvre des m\u00e9thodes et des protocoles<\/strong><\/p>\n<p>Mise en \u0153uvre\u00a0:<\/p>\n<ul>\n<li>des op\u00e9rations d&rsquo;entretien courant<\/li>\n<li>des op\u00e9rations de remise en \u00e9tat<\/li>\n<li>des op\u00e9rations de bionettoyage<\/li>\n<li>des op\u00e9rations de maintenance de premier niveau des mat\u00e9riels et des \u00e9quipements utilis\u00e9s<\/li>\n<li>des op\u00e9rations de gestion des d\u00e9chets<\/li>\n<li>de services connexes<\/li>\n<li>des mesures li\u00e9es \u00e0 la sant\u00e9 et s\u00e9curit\u00e9 au travail<\/li>\n<\/ul>\n<p><strong>\u00a0 \u00a0 \u00a0 \u00a0 \u00a0&#8211; Participation \u00e0 la gestion de la qualit\u00e9\u00a0<\/strong><\/p>\n<p>Contr\u00f4le de la qualit\u00e9 de son travail<\/p>\n<p><strong>\u00a0 \u00a0 \u00a0 \u00a0 \u00a0 &#8211; Communication en situation professionnelle\u00a0<\/strong><\/p>\n<p>Communication professionnelle avec la hi\u00e9rarchie, les clients, les usagers<\/p>\n<p><strong>Activit\u00e9s exerc\u00e9es\u00a0<\/strong><\/p>\n<p>A1 &#8211; Prise en compte de la commande, des protocoles, des proc\u00e9dures, fiches de postes, planning, plan de pr\u00e9vention\u2026<\/p>\n<p>A2 &#8211; R\u00e9alisation de l\u2019\u00e9tat des lieux<\/p>\n<p>A3 &#8211; Organisation de son activit\u00e9<\/p>\n<p>A4 &#8211; Mise en \u0153uvre des op\u00e9rations d&rsquo;entretien courant<\/p>\n<p>R\u00e9alisation des op\u00e9rations techniques :<\/p>\n<p>&#8211;\u00a0\u00a0\u00a0\u00a0\u00a0\u00a0\u00a0\u00a0\u00a0 d\u00e9poussi\u00e9rage manuel<\/p>\n<p>&#8211;\u00a0\u00a0\u00a0\u00a0\u00a0\u00a0\u00a0\u00a0\u00a0 d\u00e9poussi\u00e9rage m\u00e9canis\u00e9<\/p>\n<p>&#8211;\u00a0\u00a0\u00a0\u00a0\u00a0\u00a0\u00a0\u00a0\u00a0 lavage manuel<\/p>\n<p>&#8211;\u00a0\u00a0\u00a0\u00a0\u00a0\u00a0\u00a0\u00a0\u00a0 lavage m\u00e9canis\u00e9<\/p>\n<p>&#8211;\u00a0\u00a0\u00a0\u00a0\u00a0\u00a0\u00a0\u00a0\u00a0 spray m\u00e9thode<\/p>\n<p>&#8211;\u00a0\u00a0\u00a0\u00a0\u00a0\u00a0\u00a0\u00a0\u00a0 lustrage<\/p>\n<p>A5 &#8211; Mise en \u0153uvre des op\u00e9rations de remise en \u00e9tat<\/p>\n<p>R\u00e9alisation des op\u00e9rations techniques :<\/p>\n<p>&#8211;\u00a0\u00a0\u00a0\u00a0\u00a0\u00a0\u00a0\u00a0\u00a0 lavage m\u00e9canis\u00e9 \u00a0de remise en \u00e9tat<\/p>\n<p>&#8211;\u00a0\u00a0\u00a0\u00a0\u00a0\u00a0\u00a0\u00a0\u00a0 d\u00e9capage<\/p>\n<p>&#8211;\u00a0\u00a0\u00a0\u00a0\u00a0\u00a0\u00a0\u00a0\u00a0 protection<\/p>\n<p>&#8211;\u00a0\u00a0\u00a0\u00a0\u00a0\u00a0\u00a0\u00a0\u00a0 injection-extraction<\/p>\n<p>&#8211;\u00a0\u00a0\u00a0\u00a0\u00a0\u00a0\u00a0\u00a0\u00a0 shampooing moquettes<\/p>\n<p>&#8211;\u00a0\u00a0\u00a0\u00a0\u00a0\u00a0\u00a0\u00a0\u00a0 nettoyage vapeur<\/p>\n<p>A6 &#8211; Mise en \u0153uvre des op\u00e9rations de bionettoyage<\/p>\n<p>A7 &#8211; Mise en \u0153uvre des op\u00e9rations de maintenance de premier niveau des mat\u00e9riels et des \u00e9quipements<\/p>\n<p>A8 \u2013 Mise en \u0153uvre des op\u00e9rations de gestion les d\u00e9chets<\/p>\n<p>A9 &#8211; Mise en \u0153uvre de services connexes<\/p>\n<p>A10 &#8211; Mise en \u0153uvre des mesures li\u00e9es \u00e0 la sant\u00e9 et s\u00e9curit\u00e9 au travail<\/p>\n<p>&nbsp;<\/p>\n<p><strong>Formation<\/strong><\/p>\n<div class=\"wp-block-columns has-2-columns is-layout-flex wp-container-3 wp-block-columns-is-layout-flex\">\n<div class=\"wp-block-column is-layout-flow wp-block-column-is-layout-flow\">\n<p>Dur\u00e9e des \u00e9tudes 2 ans<\/p>\n<p>Formation sous statut scolaire : 8 places<\/p>\n<\/div>\n<div class=\"wp-block-column is-layout-flow wp-block-column-is-layout-flow\">\n<p><strong>Qualit\u00e9s requises<\/strong><\/p>\n<ul>\n<li>faire preuve d\u2019organisation et d\u2019attention<\/li>\n<li>\u00eatre soigneux<\/li>\n<li>avoir le souci d\u2019une bonne pr\u00e9sentation<\/li>\n<li>respecter les r\u00e8gles d\u2019hygi\u00e8ne de s\u00e9curit\u00e9 et de discr\u00e9tion<\/li>\n<\/ul>\n<\/div>\n<\/div>\n<p>&nbsp;<\/p>\n<hr class=\"wp-block-separator is-style-wide\" \/>\n<div class=\"wp-block-columns has-3-columns is-layout-flex wp-container-6 wp-block-columns-is-layout-flex\">\n<div class=\"wp-block-column is-layout-flow wp-block-column-is-layout-flow\">\n<p>P\u00e9riodes de formation<\/p>\n<p><strong>1 \u00e8re ann\u00e9e : 7 semaines<\/strong><\/p>\n<p><strong>2 \u00e8me ann\u00e9e : 7 semaines<\/strong><\/p>\n<\/div>\n<div class=\"wp-block-column is-layout-flow wp-block-column-is-layout-flow\"><\/div>\n<div class=\"wp-block-column\">\n<p>&nbsp;<\/p>\n<\/div>\n<\/div>\n<hr class=\"wp-block-separator is-style-wide\" \/>\n<table class=\"wp-block-table\">\n<tbody>\n<tr>\n<td><strong>Discipline<\/strong><\/td>\n<td><strong><em>1\u00e8re ann\u00e9e<\/em><\/strong><\/td>\n<td><strong><em>2\u00e8me ann\u00e9e<\/em><\/strong><\/td>\n<\/tr>\n<tr>\n<td>Enseignement professionnel<\/td>\n<td>11,5 h<\/td>\n<td>12 h<\/td>\n<\/tr>\n<tr>\n<td>Enseignement professionnel + fran\u00e7ais co-intervention<\/td>\n<td>1,5 h<\/td>\n<td>1,5 h<\/td>\n<\/tr>\n<tr>\n<td>Enseignement professionnel + Maths co-intervention<\/td>\n<td>1,5 h<\/td>\n<td>1,5 h<\/td>\n<\/tr>\n<tr>\n<td>Chef d\u2019oeuvre<\/td>\n<td>3 h<\/td>\n<td>3 h<\/td>\n<\/tr>\n<tr>\n<td>Pr\u00e9vention Sant\u00e9 Environnement<\/td>\n<td>1,5 h<\/td>\n<td>1 h<\/td>\n<\/tr>\n<tr>\n<td>Fran\u00e7ais Histoire G\u00e9ographie<br \/>\n\u00c9ducation civique juridique et sociale<\/td>\n<td>2 h<\/td>\n<td>2 h<\/td>\n<\/tr>\n<tr>\n<td>Math\u00e9matiques Sciences\/Physiques<\/td>\n<td>1,5 h<\/td>\n<td>1,5 h<\/td>\n<\/tr>\n<tr>\n<td>\u00c9ducation Physique et Sportive<\/td>\n<td>2,5 h<\/td>\n<td>2,5 h<\/td>\n<\/tr>\n<tr>\n<td>Langue vivante<\/td>\n<td>1,5 h<\/td>\n<td>1,5 h<\/td>\n<\/tr>\n<tr>\n<td>Arts appliqu\u00e9s<\/td>\n<td>1 h<\/td>\n<td>1 h<\/td>\n<\/tr>\n<tr>\n<td>Consolidation accompagnement personnalis\u00e9<\/td>\n<td>3,5 h<\/td>\n<td>3,5 h<\/td>\n<\/tr>\n<tr>\n<td><strong>TOTAL<\/strong><\/td>\n<td><strong>31 h<\/strong><\/td>\n<td><strong>31 h<\/strong><\/td>\n<\/tr>\n<\/tbody>\n<\/table>\n<div class=\"wp-block-columns has-2-columns is-layout-flex wp-container-3 wp-block-columns-is-layout-flex\">\n<div class=\"wp-block-column is-layout-flow wp-block-column-is-layout-flow\"><\/div>\n<\/div>\n<p style=\"text-align: center;\"><style type=\"text\/css\">.easingslider-19959 { width: 100%; }.easingslider-19959 .easingslider-fade-in, .easingslider-fade-out { -webkit-animation-duration: 400ms; -moz-animation-duration: 400ms; animation-duration: 400ms; }<\/style><script type=\"text\/javascript\">window.EasingSlider19959 = {\"width\":640,\"height\":400,\"singleItem\":true,\"items\":1,\"itemsDesktop\":false,\"itemsDesktopSmall\":false,\"itemsTablet\":false,\"itemsTabletSmall\":false,\"itemsMobile\":false,\"responsive\":true,\"lazyLoad\":true,\"autoPlay\":4000,\"slideSpeed\":400,\"navigation\":true,\"navigationText\":[\"\",\"\"],\"pagination\":true,\"autoHeight\":true,\"mouseDrag\":false,\"touchDrag\":false,\"addClassActive\":true,\"transitionStyle\":\"fade\"};<\/script><div data-id=\"19959\" class=\"easingslider easingslider-19959 easingslider-container easingslider-full-width easingslider-auto-height easingslider-arrows-inside easingslider-pagination-inside easingslider-pagination-bottom-center\"><div class=\"easingslider-slide\"><img decoding=\"async\" src=\"https:\/\/www.erea86.fr\/version2\/wp-content\/plugins\/easing-slider\/assets\/images\/placeholder-pixel.png\" data-src=\"https:\/\/www.erea86.fr\/version2\/wp-content\/uploads\/2024\/11\/aph_slider-1.jpg\" alt=\"\" title=\"\" class=\"easingslider-image easingslider-lazy\" \/><\/div><div class=\"easingslider-slide\"><img decoding=\"async\" src=\"https:\/\/www.erea86.fr\/version2\/wp-content\/plugins\/easing-slider\/assets\/images\/placeholder-pixel.png\" data-src=\"https:\/\/www.erea86.fr\/version2\/wp-content\/uploads\/2024\/11\/aph_slider-2.jpg\" alt=\"\" title=\"\" class=\"easingslider-image easingslider-lazy\" \/><\/div><div class=\"easingslider-slide\"><img decoding=\"async\" src=\"https:\/\/www.erea86.fr\/version2\/wp-content\/plugins\/easing-slider\/assets\/images\/placeholder-pixel.png\" data-src=\"https:\/\/www.erea86.fr\/version2\/wp-content\/uploads\/2024\/11\/aph_slider-3-rotated.jpg\" alt=\"\" title=\"\" class=\"easingslider-image easingslider-lazy\" \/><\/div><div class=\"easingslider-slide\"><img decoding=\"async\" src=\"https:\/\/www.erea86.fr\/version2\/wp-content\/plugins\/easing-slider\/assets\/images\/placeholder-pixel.png\" data-src=\"https:\/\/www.erea86.fr\/version2\/wp-content\/uploads\/2024\/11\/aph_slider-4.jpg\" alt=\"\" title=\"\" class=\"easingslider-image easingslider-lazy\" \/><\/div><div class=\"easingslider-slide\"><img decoding=\"async\" src=\"https:\/\/www.erea86.fr\/version2\/wp-content\/plugins\/easing-slider\/assets\/images\/placeholder-pixel.png\" data-src=\"https:\/\/www.erea86.fr\/version2\/wp-content\/uploads\/2024\/11\/aph_slider-5.jpg\" alt=\"\" title=\"\" class=\"easingslider-image easingslider-lazy\" \/><\/div><div class=\"easingslider-slide\"><img decoding=\"async\" src=\"https:\/\/www.erea86.fr\/version2\/wp-content\/plugins\/easing-slider\/assets\/images\/placeholder-pixel.png\" data-src=\"https:\/\/www.erea86.fr\/version2\/wp-content\/uploads\/2024\/11\/aph_slider-6-rotated.jpg\" alt=\"\" title=\"\" class=\"easingslider-image easingslider-lazy\" \/><\/div><div class=\"easingslider-slide\"><img decoding=\"async\" src=\"https:\/\/www.erea86.fr\/version2\/wp-content\/plugins\/easing-slider\/assets\/images\/placeholder-pixel.png\" data-src=\"https:\/\/www.erea86.fr\/version2\/wp-content\/uploads\/2025\/01\/aph1.jpg\" alt=\"\" title=\"\" class=\"easingslider-image easingslider-lazy\" \/><\/div><div class=\"easingslider-slide\"><img decoding=\"async\" src=\"https:\/\/www.erea86.fr\/version2\/wp-content\/plugins\/easing-slider\/assets\/images\/placeholder-pixel.png\" data-src=\"https:\/\/www.erea86.fr\/version2\/wp-content\/uploads\/2025\/01\/aph2.jpg\" alt=\"\" title=\"\" class=\"easingslider-image easingslider-lazy\" \/><\/div><div class=\"easingslider-slide\"><img decoding=\"async\" src=\"https:\/\/www.erea86.fr\/version2\/wp-content\/plugins\/easing-slider\/assets\/images\/placeholder-pixel.png\" data-src=\"https:\/\/www.erea86.fr\/version2\/wp-content\/uploads\/2025\/01\/7F6BA20C-56F0-41CF-9AF9-9406A6962863.jpg\" alt=\"\" title=\"\" class=\"easingslider-image easingslider-lazy\" \/><\/div><div class=\"easingslider-slide\"><img decoding=\"async\" src=\"https:\/\/www.erea86.fr\/version2\/wp-content\/plugins\/easing-slider\/assets\/images\/placeholder-pixel.png\" data-src=\"https:\/\/www.erea86.fr\/version2\/wp-content\/uploads\/2025\/01\/7675CD38-073E-4F28-8D39-5FE9AF9FDD86.jpg\" alt=\"\" title=\"\" class=\"easingslider-image easingslider-lazy\" \/><\/div><div class=\"easingslider-slide\"><img decoding=\"async\" src=\"https:\/\/www.erea86.fr\/version2\/wp-content\/plugins\/easing-slider\/assets\/images\/placeholder-pixel.png\" data-src=\"https:\/\/www.erea86.fr\/version2\/wp-content\/uploads\/2025\/01\/49524F52-8C16-48DA-BF46-CE2854E5A41D.jpg\" alt=\"\" title=\"\" class=\"easingslider-image easingslider-lazy\" \/><\/div><div class=\"easingslider-slide\"><img decoding=\"async\" src=\"https:\/\/www.erea86.fr\/version2\/wp-content\/plugins\/easing-slider\/assets\/images\/placeholder-pixel.png\" data-src=\"https:\/\/www.erea86.fr\/version2\/wp-content\/uploads\/2025\/01\/B384D620-3F99-412A-9BE0-1D6990D6CED8.jpg\" alt=\"\" title=\"\" class=\"easingslider-image easingslider-lazy\" \/><\/div><div class=\"easingslider-slide\"><img decoding=\"async\" src=\"https:\/\/www.erea86.fr\/version2\/wp-content\/plugins\/easing-slider\/assets\/images\/placeholder-pixel.png\" data-src=\"https:\/\/www.erea86.fr\/version2\/wp-content\/uploads\/2025\/01\/D0334FD8-BB31-4CC8-9E9D-CDDE015636AA.jpg\" alt=\"\" title=\"\" class=\"easingslider-image easingslider-lazy\" \/><\/div><div class=\"easingslider-slide\"><img decoding=\"async\" src=\"https:\/\/www.erea86.fr\/version2\/wp-content\/plugins\/easing-slider\/assets\/images\/placeholder-pixel.png\" data-src=\"https:\/\/www.erea86.fr\/version2\/wp-content\/uploads\/2025\/01\/DC6B82AD-0D58-4490-9D71-EB2C0495F38E-rotated.jpg\" alt=\"\" title=\"\" class=\"easingslider-image easingslider-lazy\" \/><\/div><div class=\"easingslider-slide\"><img decoding=\"async\" src=\"https:\/\/www.erea86.fr\/version2\/wp-content\/plugins\/easing-slider\/assets\/images\/placeholder-pixel.png\" data-src=\"https:\/\/www.erea86.fr\/version2\/wp-content\/uploads\/2025\/01\/FC0B7F0B-ADFE-487C-AE3F-68E7F277941A.jpg\" alt=\"\" title=\"\" class=\"easingslider-image easingslider-lazy\" \/><\/div><div class=\"easingslider-slide\"><img decoding=\"async\" src=\"https:\/\/www.erea86.fr\/version2\/wp-content\/plugins\/easing-slider\/assets\/images\/placeholder-pixel.png\" data-src=\"https:\/\/www.erea86.fr\/version2\/wp-content\/uploads\/2025\/01\/IMG_1936.jpg\" alt=\"\" title=\"\" class=\"easingslider-image easingslider-lazy\" \/><\/div><div class=\"easingslider-slide\"><img decoding=\"async\" src=\"https:\/\/www.erea86.fr\/version2\/wp-content\/plugins\/easing-slider\/assets\/images\/placeholder-pixel.png\" data-src=\"https:\/\/www.erea86.fr\/version2\/wp-content\/uploads\/2025\/01\/IMG_1959.jpg\" alt=\"\" title=\"\" class=\"easingslider-image easingslider-lazy\" \/><\/div><div class=\"easingslider-slide\"><img decoding=\"async\" src=\"https:\/\/www.erea86.fr\/version2\/wp-content\/plugins\/easing-slider\/assets\/images\/placeholder-pixel.png\" data-src=\"https:\/\/www.erea86.fr\/version2\/wp-content\/uploads\/2025\/01\/IMG_1967.jpg\" alt=\"\" title=\"\" class=\"easingslider-image easingslider-lazy\" \/><\/div><div class=\"easingslider-slide\"><img decoding=\"async\" src=\"https:\/\/www.erea86.fr\/version2\/wp-content\/plugins\/easing-slider\/assets\/images\/placeholder-pixel.png\" data-src=\"https:\/\/www.erea86.fr\/version2\/wp-content\/uploads\/2025\/01\/IMG_1966.jpg\" alt=\"\" title=\"\" class=\"easingslider-image easingslider-lazy\" \/><\/div><\/div><\/p>\n<p style=\"text-align: center;\"><iframe loading=\"lazy\" title=\"YouTube video player\" src=\"\/\/www.youtube.com\/embed\/1dRJ756ijvA?si=E5B7EfP3OCZV4V-w\" width=\"560\" height=\"315\" frameborder=\"0\" allowfullscreen=\"allowfullscreen\"><\/iframe><\/p>\n","protected":false},"excerpt":{"rendered":"<p>Certificat d\u2019Aptitude Professionnelle Propret\u00e9 et Pr\u00e9vention des Biocontaminations &nbsp; D\u00e9finition de l\u2019emploi Le titulaire du CAP Propret\u00e9 et Pr\u00e9vention des Biocontaminations\u00a0est un professionnel qualifi\u00e9 qui&hellip;&nbsp;<a href=\"https:\/\/www.erea86.fr\/version2\/cap-agent-de-proprete-et-dhygiene\/\" class=\"more-link\">Lire la suite<\/a><\/p>\n","protected":false},"author":15,"featured_media":0,"parent":0,"menu_order":0,"comment_status":"closed","ping_status":"closed","template":"","meta":{"_bbp_topic_count":0,"_bbp_reply_count":0,"_bbp_total_topic_count":0,"_bbp_total_reply_count":0,"_bbp_voice_count":0,"_bbp_anonymous_reply_count":0,"_bbp_topic_count_hidden":0,"_bbp_reply_count_hidden":0,"_bbp_forum_subforum_count":0,"footnotes":""},"class_list":["post-19936","page","type-page","status-publish","hentry"],"_links":{"self":[{"href":"https:\/\/www.erea86.fr\/version2\/wp-json\/wp\/v2\/pages\/19936","targetHints":{"allow":["GET"]}}],"collection":[{"href":"https:\/\/www.erea86.fr\/version2\/wp-json\/wp\/v2\/pages"}],"about":[{"href":"https:\/\/www.erea86.fr\/version2\/wp-json\/wp\/v2\/types\/page"}],"author":[{"embeddable":true,"href":"https:\/\/www.erea86.fr\/version2\/wp-json\/wp\/v2\/users\/15"}],"replies":[{"embeddable":true,"href":"https:\/\/www.erea86.fr\/version2\/wp-json\/wp\/v2\/comments?post=19936"}],"version-history":[{"count":16,"href":"https:\/\/www.erea86.fr\/version2\/wp-json\/wp\/v2\/pages\/19936\/revisions"}],"predecessor-version":[{"id":22077,"href":"https:\/\/www.erea86.fr\/version2\/wp-json\/wp\/v2\/pages\/19936\/revisions\/22077"}],"wp:attachment":[{"href":"https:\/\/www.erea86.fr\/version2\/wp-json\/wp\/v2\/media?parent=19936"}],"curies":[{"name":"wp","href":"https:\/\/api.w.org\/{rel}","templated":true}]}}