{"id":10677,"date":"2020-05-14T11:17:05","date_gmt":"2020-05-14T09:17:05","guid":{"rendered":"https:\/\/www.erea86.fr\/version2\/?page_id=10677"},"modified":"2020-05-16T08:12:15","modified_gmt":"2020-05-16T06:12:15","slug":"10677-2","status":"publish","type":"page","link":"https:\/\/www.erea86.fr\/version2\/ou-sont-les-chroniques\/10677-2\/","title":{"rendered":"Le syst\u00e8me solaire et le ciel nocturne : un plan\u00e9tarium en ligne."},"content":{"rendered":"<h1>Un plan\u00e9tarium en ligne<\/h1>\n<h3>Que peut-on voir en ce moment, comment sont plac\u00e9es les plan\u00e8tes ?<\/h3>\n<p>&#8211; Appuyez sur \u00ab\u00a0<strong>START<\/strong>\u00a0\u00bb et laissez charger.<br \/>\n&#8211; Appuyez sur <img decoding=\"async\" src=\"https:\/\/www.erea86.fr\/version2\/wp-content\/uploads\/nicolasfaure\/Docs_tuto\/Soler_system_scope01.jpg\" alt=\"\" \/> \u00e0 gauche pour afficher le <span style=\"font-size: 20px;\">SYST\u00c8ME<\/span> SOLAIRE ou bien le CIEL <span style=\"font-size: 20px;\">NOCTURNE<\/span> du moment.<br \/>\n&#8211; Appuyez sur la fl\u00e8che en bas pour faire varier l&rsquo;heure (ou bien cliquez sur la date) et d\u00e9couvrez ce que vous pourrez voir dans le ciel cette nuit ou une autre nuit.<\/p>\n<p><iframe loading=\"lazy\" style=\"min-width: 1100px; min-height: 900px; border: 2px solid #0f5c6e;\" src=\"https:\/\/www.solarsystemscope.com\/iframe\" width=\"500\" height=\"400\"><\/iframe><\/p>\n<p>Pour un acc\u00e8s \u00e0 ce simulateur en plein \u00e9cran,<a href=\"https:\/\/www.solarsystemscope.com\/\" target=\"_blank\" rel=\"noopener noreferrer\"> passez par l\u00e0.<\/a><\/p>\n<p>&nbsp;<\/p>\n","protected":false},"excerpt":{"rendered":"<p>Un plan\u00e9tarium en ligne Que peut-on voir en ce moment, comment sont plac\u00e9es les plan\u00e8tes ? &#8211; Appuyez sur \u00ab\u00a0START\u00a0\u00bb et laissez charger. &#8211; Appuyez&hellip;&nbsp;<a href=\"https:\/\/www.erea86.fr\/version2\/ou-sont-les-chroniques\/10677-2\/\" class=\"more-link\">Lire la suite<\/a><\/p>\n","protected":false},"author":15,"featured_media":0,"parent":7369,"menu_order":0,"comment_status":"closed","ping_status":"closed","template":"","meta":{"_bbp_topic_count":0,"_bbp_reply_count":0,"_bbp_total_topic_count":0,"_bbp_total_reply_count":0,"_bbp_voice_count":0,"_bbp_anonymous_reply_count":0,"_bbp_topic_count_hidden":0,"_bbp_reply_count_hidden":0,"_bbp_forum_subforum_count":0,"footnotes":""},"class_list":["post-10677","page","type-page","status-publish","hentry"],"_links":{"self":[{"href":"https:\/\/www.erea86.fr\/version2\/wp-json\/wp\/v2\/pages\/10677","targetHints":{"allow":["GET"]}}],"collection":[{"href":"https:\/\/www.erea86.fr\/version2\/wp-json\/wp\/v2\/pages"}],"about":[{"href":"https:\/\/www.erea86.fr\/version2\/wp-json\/wp\/v2\/types\/page"}],"author":[{"embeddable":true,"href":"https:\/\/www.erea86.fr\/version2\/wp-json\/wp\/v2\/users\/15"}],"replies":[{"embeddable":true,"href":"https:\/\/www.erea86.fr\/version2\/wp-json\/wp\/v2\/comments?post=10677"}],"version-history":[{"count":0,"href":"https:\/\/www.erea86.fr\/version2\/wp-json\/wp\/v2\/pages\/10677\/revisions"}],"up":[{"embeddable":true,"href":"https:\/\/www.erea86.fr\/version2\/wp-json\/wp\/v2\/pages\/7369"}],"wp:attachment":[{"href":"https:\/\/www.erea86.fr\/version2\/wp-json\/wp\/v2\/media?parent=10677"}],"curies":[{"name":"wp","href":"https:\/\/api.w.org\/{rel}","templated":true}]}}